{"id":698,"date":"2019-05-03T02:02:10","date_gmt":"2019-05-02T23:02:10","guid":{"rendered":"http:\/\/termtech.com.tr\/?page_id=698"},"modified":"2021-03-03T12:10:12","modified_gmt":"2021-03-03T09:10:12","slug":"tti-termtech-interior-atm-kiosk-environment-suite","status":"publish","type":"page","link":"https:\/\/termtech.com.tr\/index.php\/tti-termtech-interior-atm-kiosk-environment-suite\/","title":{"rendered":"TTI (TermTech InterIor) ATM KIosk EnvIronment SuIte"},"content":{"rendered":"<p>[vc_row css_animation=&#8221;&#8221; row_type=&#8221;row&#8221; use_row_as_full_screen_section=&#8221;no&#8221; type=&#8221;full_width&#8221; angled_section=&#8221;no&#8221; text_align=&#8221;left&#8221; background_image_as_pattern=&#8221;without_pattern&#8221; el_class=&#8221;headerRow&#8221; z_index=&#8221;&#8221;][vc_column][vc_row_inner row_type=&#8221;row&#8221; type=&#8221;grid&#8221; text_align=&#8221;left&#8221; css_animation=&#8221;&#8221; el_class=&#8221;headerContentRow&#8221;][vc_column_inner][vc_column_text]<\/p>\n<h3>TTI (TermTech Interior) ATM Kiosk Environment Suite<\/h3>\n<p>[\/vc_column_text][\/vc_column_inner][\/vc_row_inner][\/vc_column][\/vc_row][vc_row css_animation=&#8221;element_from_right&#8221; row_type=&#8221;row&#8221; use_row_as_full_screen_section=&#8221;no&#8221; type=&#8221;grid&#8221; angled_section=&#8221;no&#8221; text_align=&#8221;left&#8221; background_image_as_pattern=&#8221;without_pattern&#8221; el_class=&#8221;contentRow&#8221; z_index=&#8221;&#8221;][vc_column width=&#8221;1\/2&#8243;][vc_single_image image=&#8221;695&#8243; img_size=&#8221;large&#8221; qode_css_animation=&#8221;&#8221; el_class=&#8221;imgResponsive&#8221;][\/vc_column][vc_column width=&#8221;1\/2&#8243;][vc_column_text]<\/p>\n<div class=\"contentBlock\">\n<h3 class=\"contentTitle\">TERMTECH DONANIM \u00c7\u00d6Z\u00dcMLER\u0130<\/h3>\n<p><strong>TermTech<\/strong> g\u00fc\u00e7l\u00fc yaz\u0131l\u0131m \u00fcr\u00fcnleri yan\u0131 s\u0131ra ATM ve \u00f6deme d\u00fcnyas\u0131na y\u00f6nelik donan\u0131m AR-GE \u00e7al\u0131\u015fmalar\u0131yla da ihtiya\u00e7lara uygun \u00f6ne \u00e7\u0131kan \u00e7\u00f6z\u00fcmler \u00fcretmektedir. ATM g\u00fcvenli\u011fini kameralarla sa\u011flamak isteyen ve ATM kabinlerindeki \u00e7evresel ko\u015fullar\u0131 uzaktan g\u00f6zlemleyip m\u00fcdahale etmek isteyen kurumlar i\u00e7in ideal \u00fcr\u00fcnler sunmaktad\u0131r. Ayr\u0131ca, mobil \u00f6deme d\u00fcnyas\u0131 ile EFT POS cihazlar\u0131n\u0131 zekice bir dokunu\u015fla konu\u015fturmaktad\u0131r.<\/p>\n<h5 class=\"italicMotto\">Korunakl\u0131. Emniyetli. G\u00fcvenli.<\/h5>\n<\/div>\n<p>[\/vc_column_text][\/vc_column][\/vc_row][vc_row css_animation=&#8221;element_from_left&#8221; row_type=&#8221;row&#8221; use_row_as_full_screen_section=&#8221;no&#8221; type=&#8221;grid&#8221; angled_section=&#8221;no&#8221; text_align=&#8221;left&#8221; background_image_as_pattern=&#8221;without_pattern&#8221; z_index=&#8221;&#8221; el_class=&#8221;contentRow lastRow&#8221;][vc_column][vc_row_inner row_type=&#8221;row&#8221; type=&#8221;grid&#8221; text_align=&#8221;left&#8221; css_animation=&#8221;&#8221;][vc_column_inner][vc_column_text]<\/p>\n<div class=\"contentBlock\">\n<h3 class=\"contentTitle\">TTI-K (Detection Kit for ATM Kiosks)<\/h3>\n<\/div>\n<p>[\/vc_column_text][\/vc_column_inner][\/vc_row_inner][vc_row_inner row_type=&#8221;row&#8221; type=&#8221;full_width&#8221; text_align=&#8221;left&#8221; css_animation=&#8221;&#8221;][vc_column_inner width=&#8221;1\/4&#8243;][vc_column_text]<\/p>\n<div class=\"tabImageHolder\"><img loading=\"lazy\" class=\"size-medium wp-image-2022\" src=\"http:\/\/termtech.com.tr\/wp-content\/uploads\/2019\/05\/kiosk.jpg\" alt=\"\" width=\"300\" height=\"200\" \/><\/div>\n<div class=\"tabButtonHolder\"><a class=\"qbutton pullLeft\" href=\"https:\/\/termtech.com.tr\/wp-content\/uploads\/2019\/05\/B1_TTI_ATM_Kiosk_Environment_Suite_v04.pdf\">\u00dcR\u00dcN BRO\u015e\u00dcR\u00dc<\/a><a class=\"qbutton pullLeft\" href=\"https:\/\/termtech.com.tr\/index.php\/iletisim\/\">DETAYLI B\u0130LG\u0130 \u0130STE<\/a><\/div>\n<p>[\/vc_column_text][\/vc_column_inner][vc_column_inner width=&#8221;3\/4&#8243;][vc_column_text]<\/p>\n<div class=\"contentBlock\">ATM kabinlerinin \u00e7evresel ko\u015fullar\u0131n\u0131 uzaktan izlemek, gerekti\u011finde istenilen cihaz\u0131n elektri\u011fini a\u00e7\u0131p kapamak TTI ATM Kiosk Environment Suite \u00e7\u00f6z\u00fcm\u00fcyle art\u0131k \u00e7ok kolay.<br \/>\nCihaz\u0131 yaln\u0131zca bir fi\u015fe tak\u0131n, cep telefonundaki uygulama yard\u0131m\u0131yla tan\u0131mlay\u0131n ve aktif hale getirin. Art\u0131k, ATM kabin i\u00e7i \u0131s\u0131, nem, topraklama ve voltaj verilerine ula\u015fabilir, kabin i\u00e7erisindeki cihazlara kolayl\u0131kla uzaktan m\u00fcdahale edebilirsiniz.<\/div>\n<p>[\/vc_column_text][\/vc_column_inner][\/vc_row_inner][\/vc_column][\/vc_row]<\/p>\n","protected":false},"excerpt":{"rendered":"<p>[vc_row css_animation=&#8221;&#8221; row_type=&#8221;row&#8221; use_row_as_full_screen_section=&#8221;no&#8221; type=&#8221;full_width&#8221; angled_section=&#8221;no&#8221; text_align=&#8221;left&#8221; background_image_as_pattern=&#8221;without_pattern&#8221; el_class=&#8221;headerRow&#8221; z_index=&#8221;&#8221;][vc_column][vc_row_inner row_type=&#8221;row&#8221; type=&#8221;grid&#8221; text_align=&#8221;left&#8221; css_animation=&#8221;&#8221; el_class=&#8221;headerContentRow&#8221;][vc_column_inner][vc_column_text] TTI (TermTech Interior) ATM Kiosk Environment Suite [\/vc_column_text][\/vc_column_inner][\/vc_row_inner][\/vc_column][\/vc_row][vc_row css_animation=&#8221;element_from_right&#8221; row_type=&#8221;row&#8221; use_row_as_full_screen_section=&#8221;no&#8221; type=&#8221;grid&#8221; angled_section=&#8221;no&#8221; text_align=&#8221;left&#8221; background_image_as_pattern=&#8221;without_pattern&#8221; el_class=&#8221;contentRow&#8221; z_index=&#8221;&#8221;][vc_column width=&#8221;1\/2&#8243;][vc_single_image image=&#8221;695&#8243; img_size=&#8221;large&#8221; qode_css_animation=&#8221;&#8221; el_class=&#8221;imgResponsive&#8221;][\/vc_column][vc_column width=&#8221;1\/2&#8243;][vc_column_text] TERMTECH DONANIM \u00c7\u00d6Z\u00dcMLER\u0130 TermTech g\u00fc\u00e7l\u00fc yaz\u0131l\u0131m \u00fcr\u00fcnleri&#8230;<\/p>\n","protected":false},"author":1,"featured_media":0,"parent":0,"menu_order":0,"comment_status":"closed","ping_status":"closed","template":"full_width.php","meta":[],"_links":{"self":[{"href":"https:\/\/termtech.com.tr\/index.php\/wp-json\/wp\/v2\/pages\/698"}],"collection":[{"href":"https:\/\/termtech.com.tr\/index.php\/wp-json\/wp\/v2\/pages"}],"about":[{"href":"https:\/\/termtech.com.tr\/index.php\/wp-json\/wp\/v2\/types\/page"}],"author":[{"embeddable":true,"href":"https:\/\/termtech.com.tr\/index.php\/wp-json\/wp\/v2\/users\/1"}],"replies":[{"embeddable":true,"href":"https:\/\/termtech.com.tr\/index.php\/wp-json\/wp\/v2\/comments?post=698"}],"version-history":[{"count":3,"href":"https:\/\/termtech.com.tr\/index.php\/wp-json\/wp\/v2\/pages\/698\/revisions"}],"predecessor-version":[{"id":1214,"href":"https:\/\/termtech.com.tr\/index.php\/wp-json\/wp\/v2\/pages\/698\/revisions\/1214"}],"wp:attachment":[{"href":"https:\/\/termtech.com.tr\/index.php\/wp-json\/wp\/v2\/media?parent=698"}],"curies":[{"name":"wp","href":"https:\/\/api.w.org\/{rel}","templated":true}]}}