{"id":691,"date":"2019-05-03T01:49:39","date_gmt":"2019-05-02T22:49:39","guid":{"rendered":"http:\/\/termtech.com.tr\/?page_id=691"},"modified":"2021-03-02T18:04:47","modified_gmt":"2021-03-02T15:04:47","slug":"ttm-termtech-master-atm-back-office-suite","status":"publish","type":"page","link":"https:\/\/termtech.com.tr\/index.php\/ttm-termtech-master-atm-back-office-suite\/","title":{"rendered":"TTM (TermTech Master) \u2013 ATM Back OffIce SuIte"},"content":{"rendered":"<p>[vc_row css_animation=&#8221;&#8221; row_type=&#8221;row&#8221; use_row_as_full_screen_section=&#8221;no&#8221; type=&#8221;full_width&#8221; angled_section=&#8221;no&#8221; text_align=&#8221;left&#8221; background_image_as_pattern=&#8221;without_pattern&#8221; el_class=&#8221;headerRow&#8221; z_index=&#8221;&#8221;][vc_column][vc_row_inner row_type=&#8221;row&#8221; type=&#8221;grid&#8221; text_align=&#8221;left&#8221; css_animation=&#8221;&#8221; el_class=&#8221;headerContentRow&#8221;][vc_column_inner][vc_column_text]<\/p>\n<h3>TTM (TermTech Master) \u2013 ATM Back Office Suite<\/h3>\n<p>[\/vc_column_text][\/vc_column_inner][\/vc_row_inner][\/vc_column][\/vc_row][vc_row css_animation=&#8221;element_from_right&#8221; row_type=&#8221;row&#8221; use_row_as_full_screen_section=&#8221;no&#8221; type=&#8221;grid&#8221; angled_section=&#8221;no&#8221; text_align=&#8221;left&#8221; background_image_as_pattern=&#8221;without_pattern&#8221; el_class=&#8221;contentRow&#8221; z_index=&#8221;&#8221;][vc_column width=&#8221;1\/2&#8243;][vc_single_image image=&#8221;688&#8243; img_size=&#8221;large&#8221; qode_css_animation=&#8221;&#8221; el_class=&#8221;imgResponsive&#8221;][\/vc_column][vc_column width=&#8221;1\/2&#8243;][vc_column_text]<\/p>\n<div class=\"contentBlock\">\n<h3 class=\"contentTitle\">Kullan\u0131c\u0131 Aray\u00fcz\u00fc &#8211; RODIMUS<\/h3>\n<p>ATM\u2019in b\u00fct\u00fcnsel olarak m\u00fc\u015fteriye hizmet verebilir olmas\u0131n\u0131 ger\u00e7ek zamanl\u0131 sa\u011flamak isteyen t\u00fcm kurumlar i\u00e7in h\u0131z ve kolay kullan\u0131m sa\u011flayan Rodimus m\u00fckemmel bir aray\u00fcz se\u00e7imi olacakt\u0131r. <strong>TermTech<\/strong> geli\u015ftirmi\u015f oldu\u011fu TTM (TermTech Master) &#8211; ATM Back Office Suite \u00fcr\u00fcn ailesinin kullan\u0131c\u0131 aray\u00fcz\u00fc <b>Rodimus<\/b> yaz\u0131l\u0131m\u0131 ile ATM hat durumlar\u0131n\u0131, ATM \u00fczerindeki \u00fcnitelerin ar\u0131za durumlar\u0131n\u0131, ilgili \u00fcnitelerin ikmal (makbuz, ka\u011f\u0131t\/madeni para vs.) durumlar\u0131n\u0131, ATM \u00fczerinde bulunmas\u0131 gereken dosyalar\u0131n g\u00fcncelli\u011fini ve ATM\u2019in b\u00fct\u00fcn olarak m\u00fc\u015fteriye hizmet verebilir durumlar\u0131n\u0131 h\u0131zl\u0131 ve kolay y\u00f6netilebilir kullan\u0131c\u0131 ara y\u00fcz\u00fcyle izlenmesini sa\u011flamaktad\u0131r.<\/p>\n<h5 class=\"italicMotto\">\u00c7evik. Uyumlu. Verimli.<\/h5>\n<\/div>\n<p>[\/vc_column_text][\/vc_column][\/vc_row][vc_row css_animation=&#8221;element_from_left&#8221; row_type=&#8221;row&#8221; use_row_as_full_screen_section=&#8221;no&#8221; type=&#8221;grid&#8221; angled_section=&#8221;no&#8221; text_align=&#8221;left&#8221; background_image_as_pattern=&#8221;without_pattern&#8221; el_class=&#8221;contentRow lastRow&#8221; z_index=&#8221;&#8221;][vc_column][vc_row_inner row_type=&#8221;row&#8221; type=&#8221;grid&#8221; text_align=&#8221;left&#8221; css_animation=&#8221;&#8221;][vc_column_inner][vc_column_text]<\/p>\n<div class=\"contentBlock\">\n<h3 class=\"contentTitle\">TTM (TermTech Master) \u2013 ATM Back Office Suite \u00dcr\u00fcn Ailesi<\/h3>\n<\/div>\n<p>[\/vc_column_text][\/vc_column_inner][\/vc_row_inner]<div class=\"qode-advanced-tabs qode-advanced-tabs qode-advanced-horizontal-tab clearfix qode-advanced-tab-with-icon qode-advanced-tabs-column-5 clearfix\">\n\t<ul class=\"qode-advanced-tabs-nav\">\n\t\t\t\t\t<li>\n\t\t\t\t<h5>\n\t\t\t\t\t<a href=\"#tab-atm-device-management-nova\">\n\t\t\t\t\t\t\t\t\t\t\t\t\t<span class=\"qode-advanced-icon-frame\"><\/span>\n\t\t\t\t\t\t\n\t\t\t\t\t\t\t\t\t\t\t\t\t<span class=\"qode-advanced-tab-text-after-icon\">\n\t\t\t\t\t\t\t\tATM DevIce Management (Nova)\t\t\t\t\t\t\t<\/span>\n\t\t\t\t\t\t\t\t\t\t\t<\/a>\n\t\t\t\t<\/h5>\n\t\t\t<\/li>\n\t\t\t\t\t<li>\n\t\t\t\t<h5>\n\t\t\t\t\t<a href=\"#tab-atm-incident-management-sentinel\">\n\t\t\t\t\t\t\t\t\t\t\t\t\t<span class=\"qode-advanced-icon-frame\"><\/span>\n\t\t\t\t\t\t\n\t\t\t\t\t\t\t\t\t\t\t\t\t<span class=\"qode-advanced-tab-text-after-icon\">\n\t\t\t\t\t\t\t\tATM IncIdent Management (SentInel)\t\t\t\t\t\t\t<\/span>\n\t\t\t\t\t\t\t\t\t\t\t<\/a>\n\t\t\t\t<\/h5>\n\t\t\t<\/li>\n\t\t\t\t\t<li>\n\t\t\t\t<h5>\n\t\t\t\t\t<a href=\"#tab-atm-e-journal-zeta\">\n\t\t\t\t\t\t\t\t\t\t\t\t\t<span class=\"qode-advanced-icon-frame\"><\/span>\n\t\t\t\t\t\t\n\t\t\t\t\t\t\t\t\t\t\t\t\t<span class=\"qode-advanced-tab-text-after-icon\">\n\t\t\t\t\t\t\t\tATM E-journal (Zeta)\t\t\t\t\t\t\t<\/span>\n\t\t\t\t\t\t\t\t\t\t\t<\/a>\n\t\t\t\t<\/h5>\n\t\t\t<\/li>\n\t\t\t\t\t<li>\n\t\t\t\t<h5>\n\t\t\t\t\t<a href=\"#tab-atm-file-management-nexus\">\n\t\t\t\t\t\t\t\t\t\t\t\t\t<span class=\"qode-advanced-icon-frame\"><\/span>\n\t\t\t\t\t\t\n\t\t\t\t\t\t\t\t\t\t\t\t\t<span class=\"qode-advanced-tab-text-after-icon\">\n\t\t\t\t\t\t\t\tATM FIle Management (Nexus)\t\t\t\t\t\t\t<\/span>\n\t\t\t\t\t\t\t\t\t\t\t<\/a>\n\t\t\t\t<\/h5>\n\t\t\t<\/li>\n\t\t\t\t\t<li>\n\t\t\t\t<h5>\n\t\t\t\t\t<a href=\"#tab-atm-inventory-management-alpha\">\n\t\t\t\t\t\t\t\t\t\t\t\t\t<span class=\"qode-advanced-icon-frame\"><\/span>\n\t\t\t\t\t\t\n\t\t\t\t\t\t\t\t\t\t\t\t\t<span class=\"qode-advanced-tab-text-after-icon\">\n\t\t\t\t\t\t\t\tATM Inventory Management (Alpha)\t\t\t\t\t\t\t<\/span>\n\t\t\t\t\t\t\t\t\t\t\t<\/a>\n\t\t\t\t<\/h5>\n\t\t\t<\/li>\n\t\t\t<\/ul>\n\t<div class=\"qode-advanced-tab-container\" id=\"tab-atm-device-management-nova-675\" data-icon-pack=\"linea_icons\" data-icon-html=\"&lt;i class=&quot;qodef-icon-linea-icon icon-arrows-circle-plus &quot; &gt;&lt;\/i&gt;\">[vc_row_inner row_type=&#8221;row&#8221; type=&#8221;full_width&#8221; text_align=&#8221;left&#8221; css_animation=&#8221;&#8221;][vc_column_inner width=&#8221;1\/4&#8243;][vc_column_text]<\/p>\n<div class=\"tabImageHolder\"><img loading=\"lazy\" class=\"size-medium wp-image-2592\" src=\"http:\/\/termtech.com.tr\/wp-content\/uploads\/2019\/05\/TTM_ATM-Management-1024x684.jpg\" alt=\"\" width=\"300\" height=\"200\" \/><\/div>\n<div class=\"tabButtonHolder\"><a class=\"qbutton pullLeft\" href=\"https:\/\/termtech.com.tr\/wp-content\/uploads\/2019\/05\/A2_TTM_21-22-ATM-Monitoring_Rodimus-Nova-Sentinel.pdf\">\u00dcR\u00dcN BRO\u015e\u00dcR\u00dc<\/a><a class=\"qbutton pullLeft\" href=\"https:\/\/termtech.com.tr\/index.php\/iletisim\/\">DETAYLI B\u0130LG\u0130 \u0130STE<\/a><\/div>\n<p>[\/vc_column_text][\/vc_column_inner][vc_column_inner width=&#8221;3\/4&#8243;][vc_column_text]<\/p>\n<div class=\"tabBlock\">\n<p>ATM \u00fczerinde bulunan \u00fcnitelerin durumlar\u0131n\u0131 takip ederken, verimlili\u011finin artmas\u0131, kurumlar\u0131n ATM operasyon maliyetlerinin azalt\u0131lmas\u0131n\u0131 sa\u011flamak ad\u0131na ATM \u00fczerindeki \u00fcnitelerin uzaktan reset edilerek test edilmesini m\u00fcmk\u00fcn hale getirdik.<br \/>\nGuardian \u00fcr\u00fcn\u00fcm\u00fcz ile birlikte kullan\u0131ld\u0131\u011f\u0131nda i\u015flem yapan ki\u015finin g\u00f6r\u00fcnt\u00fclerine h\u0131zl\u0131 eri\u015fim olana\u011f\u0131 sa\u011flar.<\/p>\n<\/div>\n<p>[\/vc_column_text][\/vc_column_inner][\/vc_row_inner]<\/div><div class=\"qode-advanced-tab-container\" id=\"tab-atm-incident-management-sentinel-310\" data-icon-pack=\"linea_icons\" data-icon-html=\"&lt;i class=&quot;qodef-icon-linea-icon icon-arrows-circle-plus &quot; &gt;&lt;\/i&gt;\">[vc_row_inner row_type=&#8221;row&#8221; type=&#8221;full_width&#8221; text_align=&#8221;left&#8221; css_animation=&#8221;&#8221;][vc_column_inner width=&#8221;1\/4&#8243;][vc_column_text]<\/p>\n<div class=\"tabImageHolder\"><img loading=\"lazy\" class=\"size-medium wp-image-2022\" src=\"http:\/\/termtech.com.tr\/wp-content\/uploads\/2019\/05\/incident.jpg\" alt=\"\" width=\"300\" height=\"200\" \/><\/div>\n<div class=\"tabButtonHolder\"><a class=\"qbutton pullLeft\" href=\"https:\/\/termtech.com.tr\/wp-content\/uploads\/2019\/05\/A2_TTM_21-22-ATM-Monitoring_Rodimus-Nova-Sentinel.pdf\">\u00dcR\u00dcN BRO\u015e\u00dcR\u00dc<\/a><a class=\"qbutton pullLeft\" href=\"https:\/\/termtech.com.tr\/index.php\/iletisim\/\">DETAYLI B\u0130LG\u0130 \u0130STE<\/a><\/div>\n<p>[\/vc_column_text][\/vc_column_inner][vc_column_inner width=&#8221;3\/4&#8243;][vc_column_text]<\/p>\n<div class=\"tabBlock\">\n<p>ATM\u2019lerde izlenmesi gereken ar\u0131za\/durum bilgilerinin belirli kriterlere ve \u00e7e\u015fitli de\u011ferlendirmelere uygun olarak olu\u015fan ar\u0131za kayd\u0131n\u0131n, \u00f6ncelikle giderilmesini, giderilemiyorsa kurum i\u00e7erisinde veya kurum d\u0131\u015f\u0131ndaki ilgili birimlere ar\u0131za detay\u0131 ile birlikte Ticket a\u00e7\u0131larak m\u00fcmk\u00fcn oldu\u011funca h\u0131zl\u0131 aksiyon al\u0131nmas\u0131n\u0131 sa\u011fl\u0131yor ve t\u00fcm bu s\u00fcrecin kay\u0131t alt\u0131na al\u0131nmas\u0131na imkan\u0131 sunuyoruz.<\/p>\n<\/div>\n<p>[\/vc_column_text][\/vc_column_inner][\/vc_row_inner]<\/div><div class=\"qode-advanced-tab-container\" id=\"tab-atm-e-journal-zeta-15\" data-icon-pack=\"linea_icons\" data-icon-html=\"&lt;i class=&quot;qodef-icon-linea-icon icon-arrows-circle-plus &quot; &gt;&lt;\/i&gt;\">[vc_row_inner row_type=&#8221;row&#8221; type=&#8221;full_width&#8221; text_align=&#8221;left&#8221; css_animation=&#8221;&#8221;][vc_column_inner width=&#8221;1\/4&#8243;][vc_column_text]<\/p>\n<div class=\"tabImageHolder\"><img loading=\"lazy\" class=\"size-medium wp-image-2022\" src=\"http:\/\/termtech.com.tr\/wp-content\/uploads\/2019\/05\/zeta.jpg\" alt=\"\" width=\"300\" height=\"200\" \/><\/div>\n<div class=\"tabButtonHolder\"><a class=\"qbutton pullLeft\" href=\"https:\/\/termtech.com.tr\/wp-content\/uploads\/2019\/05\/A2_TTM_23-ATM-E-journal_Zeta.pdf\">\u00dcR\u00dcN BRO\u015e\u00dcR\u00dc<\/a><a class=\"qbutton pullLeft\" href=\"https:\/\/termtech.com.tr\/index.php\/iletisim\/\">DETAYLI B\u0130LG\u0130 \u0130STE<\/a><\/div>\n<p>[\/vc_column_text][\/vc_column_inner][vc_column_inner width=&#8221;3\/4&#8243;][vc_column_text]<\/p>\n<div class=\"tabBlock\">\n<p>ATM\u2019ler i\u00e7in \u00fczerinde olu\u015fan elektronik jurnal dosyalar\u0131n\u0131 PCI kural ve standartlar\u0131na uygun olarak kurum merkezinde tek noktada<br \/>\nsaklay\u0131n ve istenildi\u011fi anda jurnaldeki ilgili i\u015flem veya i\u015flemlere formatl\u0131 olarak eri\u015filmesi sa\u011flay\u0131n.<\/p>\n<\/div>\n<p>[\/vc_column_text][\/vc_column_inner][\/vc_row_inner]<\/div><div class=\"qode-advanced-tab-container\" id=\"tab-atm-file-management-nexus-99\" data-icon-pack=\"linea_icons\" data-icon-html=\"&lt;i class=&quot;qodef-icon-linea-icon icon-arrows-circle-plus &quot; &gt;&lt;\/i&gt;\">[vc_row_inner row_type=&#8221;row&#8221; type=&#8221;full_width&#8221; text_align=&#8221;left&#8221; css_animation=&#8221;&#8221;][vc_column_inner width=&#8221;1\/4&#8243;][vc_column_text]<\/p>\n<div class=\"tabImageHolder\"><img loading=\"lazy\" class=\"size-medium wp-image-2022\" src=\"http:\/\/termtech.com.tr\/wp-content\/uploads\/2019\/05\/nexus.jpg\" alt=\"\" width=\"300\" height=\"200\" \/><\/div>\n<div class=\"tabButtonHolder\"><a class=\"qbutton pullLeft\" href=\"https:\/\/termtech.com.tr\/wp-content\/uploads\/2019\/05\/A2_TTM_24-ATM-File-Management_Nexus.pdf\">\u00dcR\u00dcN BRO\u015e\u00dcR\u00dc<\/a><a class=\"qbutton pullLeft\" href=\"https:\/\/termtech.com.tr\/index.php\/iletisim\/\">DETAYLI B\u0130LG\u0130 \u0130STE<\/a><\/div>\n<p>[\/vc_column_text][\/vc_column_inner][vc_column_inner width=&#8221;1\/2&#8243;][vc_column_text]<\/p>\n<div class=\"tabBlock\">\n<p>ATM\u2019lere veya ATM\u2019lerden merkeze dosya transferlerini \u00f6nceden belirlenen parametre tan\u0131mlar\u0131yla otomatik olarak yap\u0131labildi\u011finiz gibi s\u00fcr\u00fckle b\u0131rak veya dosya\/dosyalar se\u00e7me metoduyla plans\u0131z ve\/veya anl\u0131k olarak da kolayl\u0131kla yapabilirsiniz.<\/p>\n<\/div>\n<p>[\/vc_column_text][\/vc_column_inner][vc_column_inner width=&#8221;1\/4&#8243;][\/vc_column_inner][\/vc_row_inner]<\/div><div class=\"qode-advanced-tab-container\" id=\"tab-atm-inventory-management-alpha-405\" data-icon-pack=\"linea_icons\" data-icon-html=\"&lt;i class=&quot;qodef-icon-linea-icon icon-arrows-circle-plus &quot; &gt;&lt;\/i&gt;\">[vc_row_inner row_type=&#8221;row&#8221; type=&#8221;full_width&#8221; text_align=&#8221;left&#8221; css_animation=&#8221;&#8221;][vc_column_inner width=&#8221;1\/4&#8243;][vc_column_text]<\/p>\n<div class=\"tabImageHolder\"><img loading=\"lazy\" class=\"size-medium wp-image-2022\" src=\"http:\/\/termtech.com.tr\/wp-content\/uploads\/2019\/05\/inventory_.jpg\" alt=\"\" width=\"300\" height=\"200\" \/><\/div>\n<div class=\"tabButtonHolder\"><a class=\"qbutton pullLeft\" href=\"https:\/\/termtech.com.tr\/wp-content\/uploads\/2019\/05\/A2_TTM_25-ATM-Inventory-Management_Alpha.pdf\">\u00dcR\u00dcN BRO\u015e\u00dcR\u00dc<\/a><a class=\"qbutton pullLeft\" href=\"https:\/\/termtech.com.tr\/index.php\/iletisim\/\">DETAYLI B\u0130LG\u0130 \u0130STE<\/a><\/div>\n<p>[\/vc_column_text][\/vc_column_inner][vc_column_inner width=&#8221;3\/4&#8243;][vc_column_text]<\/p>\n<div class=\"tabBlock\">\n<p>Sat\u0131n ald\u0131\u011f\u0131n\u0131z bir ATM\u2019in hurdaya \u00e7\u0131k\u0131ncaya kadar ge\u00e7en t\u00fcm s\u00fcre\u00e7lerini tek sistem \u00fczerinden y\u00f6netin, takip edin ve raporlay\u0131n.<\/p>\n<\/div>\n<p>[\/vc_column_text][\/vc_column_inner][\/vc_row_inner]<\/div><\/div>[\/vc_column][\/vc_row]<\/p>\n","protected":false},"excerpt":{"rendered":"<p>[vc_row css_animation=&#8221;&#8221; row_type=&#8221;row&#8221; use_row_as_full_screen_section=&#8221;no&#8221; type=&#8221;full_width&#8221; angled_section=&#8221;no&#8221; text_align=&#8221;left&#8221; background_image_as_pattern=&#8221;without_pattern&#8221; el_class=&#8221;headerRow&#8221; z_index=&#8221;&#8221;][vc_column][vc_row_inner row_type=&#8221;row&#8221; type=&#8221;grid&#8221; text_align=&#8221;left&#8221; css_animation=&#8221;&#8221; el_class=&#8221;headerContentRow&#8221;][vc_column_inner][vc_column_text] TTM (TermTech Master) \u2013 ATM Back Office Suite [\/vc_column_text][\/vc_column_inner][\/vc_row_inner][\/vc_column][\/vc_row][vc_row css_animation=&#8221;element_from_right&#8221; row_type=&#8221;row&#8221; use_row_as_full_screen_section=&#8221;no&#8221; type=&#8221;grid&#8221; angled_section=&#8221;no&#8221; text_align=&#8221;left&#8221; background_image_as_pattern=&#8221;without_pattern&#8221; el_class=&#8221;contentRow&#8221; z_index=&#8221;&#8221;][vc_column width=&#8221;1\/2&#8243;][vc_single_image image=&#8221;688&#8243; img_size=&#8221;large&#8221; qode_css_animation=&#8221;&#8221; el_class=&#8221;imgResponsive&#8221;][\/vc_column][vc_column width=&#8221;1\/2&#8243;][vc_column_text] Kullan\u0131c\u0131 Aray\u00fcz\u00fc &#8211; RODIMUS ATM\u2019in b\u00fct\u00fcnsel&#8230;<\/p>\n","protected":false},"author":1,"featured_media":0,"parent":0,"menu_order":0,"comment_status":"closed","ping_status":"closed","template":"full_width.php","meta":[],"_links":{"self":[{"href":"https:\/\/termtech.com.tr\/index.php\/wp-json\/wp\/v2\/pages\/691"}],"collection":[{"href":"https:\/\/termtech.com.tr\/index.php\/wp-json\/wp\/v2\/pages"}],"about":[{"href":"https:\/\/termtech.com.tr\/index.php\/wp-json\/wp\/v2\/types\/page"}],"author":[{"embeddable":true,"href":"https:\/\/termtech.com.tr\/index.php\/wp-json\/wp\/v2\/users\/1"}],"replies":[{"embeddable":true,"href":"https:\/\/termtech.com.tr\/index.php\/wp-json\/wp\/v2\/comments?post=691"}],"version-history":[{"count":5,"href":"https:\/\/termtech.com.tr\/index.php\/wp-json\/wp\/v2\/pages\/691\/revisions"}],"predecessor-version":[{"id":1197,"href":"https:\/\/termtech.com.tr\/index.php\/wp-json\/wp\/v2\/pages\/691\/revisions\/1197"}],"wp:attachment":[{"href":"https:\/\/termtech.com.tr\/index.php\/wp-json\/wp\/v2\/media?parent=691"}],"curies":[{"name":"wp","href":"https:\/\/api.w.org\/{rel}","templated":true}]}}