{"id":686,"date":"2019-05-03T01:40:01","date_gmt":"2019-05-02T22:40:01","guid":{"rendered":"http:\/\/termtech.com.tr\/?page_id=686"},"modified":"2021-03-02T18:07:22","modified_gmt":"2021-03-02T15:07:22","slug":"ttp-termtech-prime-online-suite","status":"publish","type":"page","link":"https:\/\/termtech.com.tr\/index.php\/ttp-termtech-prime-online-suite\/","title":{"rendered":"TTP (TermTech PrIme) \u2013 OnlIne SuIte"},"content":{"rendered":"<p>[vc_row css_animation=&#8221;&#8221; row_type=&#8221;row&#8221; use_row_as_full_screen_section=&#8221;no&#8221; type=&#8221;full_width&#8221; angled_section=&#8221;no&#8221; text_align=&#8221;left&#8221; background_image_as_pattern=&#8221;without_pattern&#8221; el_class=&#8221;headerRow&#8221; z_index=&#8221;&#8221;][vc_column][vc_row_inner row_type=&#8221;row&#8221; type=&#8221;grid&#8221; text_align=&#8221;left&#8221; css_animation=&#8221;&#8221; el_class=&#8221;headerContentRow&#8221;][vc_column_inner][vc_column_text]<\/p>\n<h3>TTP (TermTech Prime) \u2013 Online Suite<\/h3>\n<p>[\/vc_column_text][\/vc_column_inner][\/vc_row_inner][\/vc_column][\/vc_row][vc_row css_animation=&#8221;element_from_right&#8221; row_type=&#8221;row&#8221; use_row_as_full_screen_section=&#8221;no&#8221; type=&#8221;grid&#8221; angled_section=&#8221;no&#8221; text_align=&#8221;left&#8221; background_image_as_pattern=&#8221;without_pattern&#8221; el_class=&#8221;contentRow&#8221; z_index=&#8221;&#8221;][vc_column width=&#8221;1\/2&#8243;][vc_single_image image=&#8221;688&#8243; img_size=&#8221;large&#8221; qode_css_animation=&#8221;&#8221; el_class=&#8221;imgResponsive&#8221;][\/vc_column][vc_column width=&#8221;1\/2&#8243;][vc_column_text]<\/p>\n<div class=\"contentBlock\">\n<h3 class=\"contentTitle\">Kullan\u0131c\u0131 Aray\u00fcz\u00fc &#8211; RODIMUS<\/h3>\n<p>ATM\u2019in b\u00fct\u00fcnsel olarak m\u00fc\u015fteriye hizmet verebilir olmas\u0131n\u0131 ger\u00e7ek zamanl\u0131 sa\u011flamak isteyen t\u00fcm kurumlar i\u00e7in h\u0131z ve kolay kullan\u0131m sa\u011flayan Rodimus m\u00fckemmel bir aray\u00fcz se\u00e7imi olacakt\u0131r. <strong>TermTech<\/strong> geli\u015ftirmi\u015f oldu\u011fu TTM (TermTech Master) &#8211; ATM Back Office Suite \u00fcr\u00fcn ailesinin kullan\u0131c\u0131 aray\u00fcz\u00fc <b>Rodimus<\/b> yaz\u0131l\u0131m\u0131 ile ATM hat durumlar\u0131n\u0131, ATM \u00fczerindeki \u00fcnitelerin ar\u0131za durumlar\u0131n\u0131, ilgili \u00fcnitelerin ikmal (makbuz, ka\u011f\u0131t\/madeni para vs.) durumlar\u0131n\u0131, ATM \u00fczerinde bulunmas\u0131 gereken dosyalar\u0131n g\u00fcncelli\u011fini ve ATM\u2019in b\u00fct\u00fcn olarak m\u00fc\u015fteriye hizmet verebilir durumlar\u0131n\u0131 h\u0131zl\u0131 ve kolay y\u00f6netilebilir kullan\u0131c\u0131 ara y\u00fcz\u00fcyle izlenmesini sa\u011flamaktad\u0131r.<\/p>\n<h5 class=\"italicMotto\">G\u00fcvenilir. S\u00fcrd\u00fcr\u00fclebilir. \u00d6l\u00e7eklenebilir.<\/h5>\n<\/div>\n<p>[\/vc_column_text][\/vc_column][\/vc_row][vc_row css_animation=&#8221;element_from_left&#8221; row_type=&#8221;row&#8221; use_row_as_full_screen_section=&#8221;no&#8221; type=&#8221;grid&#8221; angled_section=&#8221;no&#8221; text_align=&#8221;left&#8221; background_image_as_pattern=&#8221;without_pattern&#8221; el_class=&#8221;contentRow lastRow&#8221; z_index=&#8221;&#8221;][vc_column][vc_row_inner row_type=&#8221;row&#8221; type=&#8221;full_width&#8221; text_align=&#8221;left&#8221; css_animation=&#8221;&#8221;][vc_column_inner][vc_column_text]<\/p>\n<div class=\"contentBlock\">\n<h3 class=\"contentTitle\">TTP (TermTech Prime) \u2013 Online Suite \u00dcr\u00fcn Ailesi<\/h3>\n<\/div>\n<p>[\/vc_column_text][\/vc_column_inner][\/vc_row_inner]<div class=\"qode-advanced-tabs qode-advanced-tabs qode-advanced-horizontal-tab clearfix qode-advanced-tab-with-icon qode-advanced-tabs-column-4 clearfix\">\n\t<ul class=\"qode-advanced-tabs-nav\">\n\t\t\t\t\t<li>\n\t\t\t\t<h5>\n\t\t\t\t\t<a href=\"#tab-atm-transaction-server-optimus\">\n\t\t\t\t\t\t\t\t\t\t\t\t\t<span class=\"qode-advanced-icon-frame\"><\/span>\n\t\t\t\t\t\t\n\t\t\t\t\t\t\t\t\t\t\t\t\t<span class=\"qode-advanced-tab-text-after-icon\">\n\t\t\t\t\t\t\t\tATM TransactIon Server (OptImus)\t\t\t\t\t\t\t<\/span>\n\t\t\t\t\t\t\t\t\t\t\t<\/a>\n\t\t\t\t<\/h5>\n\t\t\t<\/li>\n\t\t\t\t\t<li>\n\t\t\t\t<h5>\n\t\t\t\t\t<a href=\"#tab-atm-remote-key-loading-nemesis\">\n\t\t\t\t\t\t\t\t\t\t\t\t\t<span class=\"qode-advanced-icon-frame\"><\/span>\n\t\t\t\t\t\t\n\t\t\t\t\t\t\t\t\t\t\t\t\t<span class=\"qode-advanced-tab-text-after-icon\">\n\t\t\t\t\t\t\t\tATM Remote Key LoadIng (NemesIs)\t\t\t\t\t\t\t<\/span>\n\t\t\t\t\t\t\t\t\t\t\t<\/a>\n\t\t\t\t<\/h5>\n\t\t\t<\/li>\n\t\t\t\t\t<li>\n\t\t\t\t<h5>\n\t\t\t\t\t<a href=\"#tab-hsm-management-omega\">\n\t\t\t\t\t\t\t\t\t\t\t\t\t<span class=\"qode-advanced-icon-frame\"><\/span>\n\t\t\t\t\t\t\n\t\t\t\t\t\t\t\t\t\t\t\t\t<span class=\"qode-advanced-tab-text-after-icon\">\n\t\t\t\t\t\t\t\tHSM Management (Omega)\t\t\t\t\t\t\t<\/span>\n\t\t\t\t\t\t\t\t\t\t\t<\/a>\n\t\t\t\t<\/h5>\n\t\t\t<\/li>\n\t\t\t\t\t<li>\n\t\t\t\t<h5>\n\t\t\t\t\t<a href=\"#tab-switch-iso-8583-trion\">\n\t\t\t\t\t\t\t\t\t\t\t\t\t<span class=\"qode-advanced-icon-frame\"><\/span>\n\t\t\t\t\t\t\n\t\t\t\t\t\t\t\t\t\t\t\t\t<span class=\"qode-advanced-tab-text-after-icon\">\n\t\t\t\t\t\t\t\tSwItch ISO 8583 (TrIon)\t\t\t\t\t\t\t<\/span>\n\t\t\t\t\t\t\t\t\t\t\t<\/a>\n\t\t\t\t<\/h5>\n\t\t\t<\/li>\n\t\t\t<\/ul>\n\t<div class=\"qode-advanced-tab-container\" id=\"tab-atm-transaction-server-optimus-334\" data-icon-pack=\"linea_icons\" data-icon-html=\"&lt;i class=&quot;qodef-icon-linea-icon icon-arrows-circle-plus &quot; &gt;&lt;\/i&gt;\">[vc_row_inner row_type=&#8221;row&#8221; type=&#8221;full_width&#8221; text_align=&#8221;left&#8221; css_animation=&#8221;&#8221;][vc_column_inner width=&#8221;1\/4&#8243;][vc_column_text]<\/p>\n<div class=\"tabImageHolder\"><img loading=\"lazy\" class=\"size-medium wp-image-2022\" src=\"http:\/\/termtech.com.tr\/wp-content\/uploads\/2019\/05\/optimus.jpg\" alt=\"\" width=\"300\" height=\"200\" \/><\/div>\n<div class=\"tabButtonHolder\"><a class=\"qbutton pullLeft\" href=\"https:\/\/termtech.com.tr\/wp-content\/uploads\/2019\/05\/A1_TTP_11-ATM-Transaction-Server_Opimus.pdf\">\u00dcR\u00dcN BRO\u015e\u00dcR\u00dc<\/a><a class=\"qbutton pullLeft\" href=\"https:\/\/termtech.com.tr\/index.php\/iletisim\/\">DETAYLI B\u0130LG\u0130 \u0130STE<\/a><\/div>\n<p>[\/vc_column_text][\/vc_column_inner][vc_column_inner width=&#8221;3\/4&#8243;][vc_column_text]<\/p>\n<div class=\"tabBlock\">\n<p>ATM\u2019lerde meydana gelen i\u015flem adetleri kurumlar\u0131n t\u00fcm kanallar\u0131na k\u0131yasla en y\u00fcksek y\u00fczdeyle ger\u00e7ekle\u015fmektedir. ATM Transaction Server (Optimus);<\/p>\n<ul>\n<li>Kesintisiz \u00e7al\u0131\u015fan,<\/li>\n<li>H\u0131zl\u0131 m\u00fcdahaleye olanak sa\u011flayan,<\/li>\n<li>Kolayca yeni i\u015flem tan\u0131mlayabilece\u011finiz,<\/li>\n<li>Parametrik altyap\u0131 ile yaz\u0131l\u0131m y\u00fck\u00fcn\u00fc en aza indiren<\/li>\n<\/ul>\n<p>yap\u0131s\u0131 ile sisteminize esneklik katacakt\u0131r. Kurumunuz i\u00e7in m\u00fc\u015fterilerinize 7\/24 hizmet sa\u011flad\u0131\u011f\u0131n\u0131z bir kanal olan ATM\u2019lerdeki i\u015flemlerinizin merkezde ATM\u2019leri kar\u015f\u0131layan ve sorunsuz \u00e7al\u0131\u015fan server yaz\u0131l\u0131m\u0131 ile kesintisiz devaml\u0131l\u0131\u011f\u0131n\u0131 sa\u011flay\u0131n.<\/p>\n<\/div>\n<p>[\/vc_column_text][\/vc_column_inner][\/vc_row_inner]<\/div><div class=\"qode-advanced-tab-container\" id=\"tab-atm-remote-key-loading-nemesis-998\" data-icon-pack=\"linea_icons\" data-icon-html=\"&lt;i class=&quot;qodef-icon-linea-icon icon-arrows-circle-plus &quot; &gt;&lt;\/i&gt;\">[vc_row_inner row_type=&#8221;row&#8221; type=&#8221;full_width&#8221; text_align=&#8221;left&#8221; css_animation=&#8221;&#8221;][vc_column_inner width=&#8221;1\/4&#8243;][vc_column_text]<\/p>\n<div class=\"tabImageHolder\"><img loading=\"lazy\" class=\"size-medium wp-image-2022\" src=\"http:\/\/termtech.com.tr\/wp-content\/uploads\/2019\/05\/nemesis.jpg\" alt=\"\" width=\"300\" height=\"200\" \/><\/div>\n<div class=\"tabButtonHolder\"><a class=\"qbutton pullLeft\" href=\"https:\/\/termtech.com.tr\/wp-content\/uploads\/2019\/05\/A1_TTP_12-ATM-Remote-Key-Loading_Nemesis.pdf\">\u00dcR\u00dcN BRO\u015e\u00dcR\u00dc<\/a><a class=\"qbutton pullLeft\" href=\"https:\/\/termtech.com.tr\/index.php\/iletisim\/\">DETAYLI B\u0130LG\u0130 \u0130STE<\/a><\/div>\n<p>[\/vc_column_text][\/vc_column_inner][vc_column_inner width=&#8221;3\/4&#8243;][vc_column_text]<\/p>\n<div class=\"tabBlock\">\n<p>Kurumlar\u0131n ATM\u2019lerine anahtar y\u00fcklemek (key loading) i\u00e7in sahada ayr\u0131 bir operasyon planlamas\u0131na art\u0131k gerek kalmad\u0131. <b>ATM Remote Key Loading (Nemesis)<\/b> yaz\u0131l\u0131m\u0131 ile anahtar y\u00fckleme i\u015flemlerini h\u0131zland\u0131r\u0131n ve maliyetlerinizi azalt\u0131n.<\/p>\n<\/div>\n<p>[\/vc_column_text][\/vc_column_inner][\/vc_row_inner]<\/div><div class=\"qode-advanced-tab-container\" id=\"tab-hsm-management-omega-388\" data-icon-pack=\"linea_icons\" data-icon-html=\"&lt;i class=&quot;qodef-icon-linea-icon icon-arrows-circle-plus &quot; &gt;&lt;\/i&gt;\">[vc_row_inner row_type=&#8221;row&#8221; type=&#8221;full_width&#8221; text_align=&#8221;left&#8221; css_animation=&#8221;&#8221;][vc_column_inner width=&#8221;1\/4&#8243;][vc_column_text]<\/p>\n<div class=\"tabImageHolder\"><img loading=\"lazy\" class=\"size-medium wp-image-2022\" src=\"http:\/\/termtech.com.tr\/wp-content\/uploads\/2019\/05\/omega.jpg\" alt=\"\" width=\"300\" height=\"200\" \/><\/div>\n<div class=\"tabButtonHolder\"><a class=\"qbutton pullLeft\" href=\"https:\/\/termtech.com.tr\/index.php\/iletisim\/\">DETAYLI B\u0130LG\u0130 \u0130STE<\/a><\/div>\n<p>[\/vc_column_text][\/vc_column_inner][vc_column_inner width=&#8221;3\/4&#8243;][vc_column_text]<\/p>\n<div class=\"tabBlock\">\n<p>Kurumlar, kart ve \u015fifre \u00fcretiminin yan\u0131nda ATM ve POS kaynakl\u0131 i\u015flemlerin y\u00f6netiminde i\u015flem g\u00fcvenli\u011finin sa\u011flanmas\u0131 i\u00e7in HSM (Host Security Module) cihaz\u0131n\u0131 kullanmaktad\u0131r. \u0130\u015flem g\u00fcvenli\u011finiz ve anahtar (Key) y\u00f6netimi i\u00e7in <b>HSM Management (Omega)<\/b> HSM Y\u00f6netim Sistemi ile HSM kullan\u0131m\u0131n\u0131 gerektiren t\u00fcm ihtiya\u00e7lar\u0131n\u0131z\u0131 kar\u015f\u0131lay\u0131n.<\/p>\n<\/div>\n<p>[\/vc_column_text][\/vc_column_inner][\/vc_row_inner]<\/div><div class=\"qode-advanced-tab-container\" id=\"tab-switch-iso-8583-trion-365\" data-icon-pack=\"linea_icons\" data-icon-html=\"&lt;i class=&quot;qodef-icon-linea-icon icon-arrows-circle-plus &quot; &gt;&lt;\/i&gt;\">[vc_row_inner row_type=&#8221;row&#8221; type=&#8221;full_width&#8221; text_align=&#8221;left&#8221; css_animation=&#8221;&#8221;][vc_column_inner width=&#8221;1\/4&#8243;][vc_column_text]<\/p>\n<div class=\"tabImageHolder\"><img loading=\"lazy\" class=\"size-medium wp-image-2022\" src=\"http:\/\/termtech.com.tr\/wp-content\/uploads\/2019\/05\/trion.jpg\" alt=\"\" width=\"300\" height=\"200\" \/><\/div>\n<div class=\"tabButtonHolder\"><a class=\"qbutton pullLeft\" href=\"https:\/\/termtech.com.tr\/index.php\/iletisim\/\">DETAYLI B\u0130LG\u0130 \u0130STE<\/a><\/div>\n<p>[\/vc_column_text][\/vc_column_inner][vc_column_inner width=&#8221;3\/4&#8243;][vc_column_text]<\/p>\n<div class=\"tabBlock\">\n<p>Kurumunuzun her t\u00fcrl\u00fc system entegrasyonunda uluslararas\u0131 standart olarak ortaya \u00e7\u0131km\u0131\u015f olan ISO 8583 protokol\u00fcn\u00fc <b>Switch ISO 8583 (Trion)<\/b> \u00fcr\u00fcn\u00fc ile y\u00f6netin.<br \/>\n<b>Switch ISO 8583 (Trion)<\/b> yaz\u0131l\u0131m\u0131;<\/p>\n<ul>\n<li>De\u011fi\u015fik sistemler aras\u0131ndaki i\u015flemlerin y\u00f6netimi i\u00e7in (ATM sistemi ile bankac\u0131l\u0131k sistemleri ve\/veya kart sistemleri aras\u0131ndaki entegrasyonda),<\/li>\n<li>Bankalar ve\/veya de\u011fi\u015fik kurumlar aras\u0131ndaki i\u015flemlerin y\u00f6netiminde,<\/li>\n<li>Bankalar\u0131n di\u011fer bankalarla olan acquiring ve issuing i\u015flemlerinin BKM, VISA, MasterCard benzeri ulusal ve uluslararas\u0131 kurumlar \u00fczerinden y\u00f6netiminde<\/li>\n<\/ul>\n<p>ihtiya\u00e7 duyulan anahtar (Key) y\u00f6netimini g\u00fcvenlik standartlar\u0131na uygun olarak HSM\u2019ler \u00fczerinden sa\u011flamaktad\u0131r.<\/p>\n<p>Ayn\u0131 zamanda Switch alt yap\u0131s\u0131 ISO 8583 yan\u0131s\u0131ra REST JSON, WCF, Web Service gibi di\u011fer \u00f6zg\u00fcn protokolleri de desteklemektedir.<\/p>\n<\/div>\n<p>[\/vc_column_text][\/vc_column_inner][\/vc_row_inner]<\/div><\/div>[\/vc_column][\/vc_row]<\/p>\n","protected":false},"excerpt":{"rendered":"<p>[vc_row css_animation=&#8221;&#8221; row_type=&#8221;row&#8221; use_row_as_full_screen_section=&#8221;no&#8221; type=&#8221;full_width&#8221; angled_section=&#8221;no&#8221; text_align=&#8221;left&#8221; background_image_as_pattern=&#8221;without_pattern&#8221; el_class=&#8221;headerRow&#8221; z_index=&#8221;&#8221;][vc_column][vc_row_inner row_type=&#8221;row&#8221; type=&#8221;grid&#8221; text_align=&#8221;left&#8221; css_animation=&#8221;&#8221; el_class=&#8221;headerContentRow&#8221;][vc_column_inner][vc_column_text] TTP (TermTech Prime) \u2013 Online Suite [\/vc_column_text][\/vc_column_inner][\/vc_row_inner][\/vc_column][\/vc_row][vc_row css_animation=&#8221;element_from_right&#8221; row_type=&#8221;row&#8221; use_row_as_full_screen_section=&#8221;no&#8221; type=&#8221;grid&#8221; angled_section=&#8221;no&#8221; text_align=&#8221;left&#8221; background_image_as_pattern=&#8221;without_pattern&#8221; el_class=&#8221;contentRow&#8221; z_index=&#8221;&#8221;][vc_column width=&#8221;1\/2&#8243;][vc_single_image image=&#8221;688&#8243; img_size=&#8221;large&#8221; qode_css_animation=&#8221;&#8221; el_class=&#8221;imgResponsive&#8221;][\/vc_column][vc_column width=&#8221;1\/2&#8243;][vc_column_text] Kullan\u0131c\u0131 Aray\u00fcz\u00fc &#8211; RODIMUS ATM\u2019in b\u00fct\u00fcnsel olarak m\u00fc\u015fteriye&#8230;<\/p>\n","protected":false},"author":1,"featured_media":0,"parent":0,"menu_order":0,"comment_status":"closed","ping_status":"closed","template":"full_width.php","meta":[],"_links":{"self":[{"href":"https:\/\/termtech.com.tr\/index.php\/wp-json\/wp\/v2\/pages\/686"}],"collection":[{"href":"https:\/\/termtech.com.tr\/index.php\/wp-json\/wp\/v2\/pages"}],"about":[{"href":"https:\/\/termtech.com.tr\/index.php\/wp-json\/wp\/v2\/types\/page"}],"author":[{"embeddable":true,"href":"https:\/\/termtech.com.tr\/index.php\/wp-json\/wp\/v2\/users\/1"}],"replies":[{"embeddable":true,"href":"https:\/\/termtech.com.tr\/index.php\/wp-json\/wp\/v2\/comments?post=686"}],"version-history":[{"count":6,"href":"https:\/\/termtech.com.tr\/index.php\/wp-json\/wp\/v2\/pages\/686\/revisions"}],"predecessor-version":[{"id":1198,"href":"https:\/\/termtech.com.tr\/index.php\/wp-json\/wp\/v2\/pages\/686\/revisions\/1198"}],"wp:attachment":[{"href":"https:\/\/termtech.com.tr\/index.php\/wp-json\/wp\/v2\/media?parent=686"}],"curies":[{"name":"wp","href":"https:\/\/api.w.org\/{rel}","templated":true}]}}