{"id":638,"date":"2019-05-02T03:31:23","date_gmt":"2019-05-02T00:31:23","guid":{"rendered":"http:\/\/termtech.com.tr\/?page_id=638"},"modified":"2025-03-25T14:29:47","modified_gmt":"2025-03-25T11:29:47","slug":"referanslarimiz","status":"publish","type":"page","link":"https:\/\/termtech.com.tr\/index.php\/referanslarimiz\/","title":{"rendered":"REFERANSLARIMIZ"},"content":{"rendered":"<p>[vc_row css_animation=&#8221;&#8221; row_type=&#8221;row&#8221; use_row_as_full_screen_section=&#8221;no&#8221; type=&#8221;full_width&#8221; angled_section=&#8221;no&#8221; text_align=&#8221;left&#8221; background_image_as_pattern=&#8221;without_pattern&#8221; el_class=&#8221;headerRow&#8221; z_index=&#8221;&#8221;][vc_column][vc_row_inner row_type=&#8221;row&#8221; type=&#8221;grid&#8221; text_align=&#8221;left&#8221; css_animation=&#8221;&#8221; el_class=&#8221;headerContentRow&#8221;][vc_column_inner][vc_column_text]<\/p>\n<h3>REFERANSLARIMIZ<\/h3>\n<p>[\/vc_column_text][\/vc_column_inner][\/vc_row_inner][\/vc_column][\/vc_row][vc_row css_animation=&#8221;element_from_left&#8221; row_type=&#8221;row&#8221; use_row_as_full_screen_section=&#8221;no&#8221; type=&#8221;grid&#8221; angled_section=&#8221;no&#8221; text_align=&#8221;left&#8221; background_image_as_pattern=&#8221;without_pattern&#8221; css=&#8221;.vc_custom_1553861367982{margin-top: 50px !important;margin-bottom: 50px !important;}&#8221; z_index=&#8221;&#8221; el_class=&#8221;contentRow referances&#8221;][vc_column width=&#8221;1\/2&#8243;][vc_column_text]<\/p>\n<div class=\"col-md-12 refContainer\"><img class=\"imgResponsive\" src=\"http:\/\/termtech.com.tr\/wp-content\/uploads\/2019\/05\/alBaraka_Hover.jpg\" data-modal=\"albarakaModal\" \/><\/div>\n<div id=\"albarakaModal\" class=\"modalDialog\">\n<div>\n<p><span class=\"close\" data-modal=\"albarakaModal\">X<\/span><\/p>\n<h2 class=\"modalHeader\">Albaraka T\u00fcrk Kat\u0131l\u0131m Bankas\u0131<\/h2>\n<p>G\u00fcvenlik Sistemleri: Albaraka T\u00fcrk Kat\u0131l\u0131m Bankas\u0131, ATM\u2019lerinin izlemesi ve g\u00fcvenli\u011fin sa\u011flanmas\u0131 konusunda TermTech \u00fcr\u00fcnlerini tercih etti. TermTech \u00fcr\u00fcnleriyle <b>(TTS TermTech Security &#8211; ATM Camera &amp; Fraud Detection Suite)<\/b><br \/>\nATM\u2019lerin kameralar vas\u0131tas\u0131yla uzaktan takibini yaparak ATM \u00f6ny\u00fcz\u00fcnde olas\u0131 sahtekarl\u0131klar\u0131n\u0131n (kart kopyalama gibi) \u00f6n\u00fcne ge\u00e7ilmesi i\u00e7in \u00e7\u00f6z\u00fcm \u00fcretilmi\u015ftir. Uygulanan \u00e7\u00f6z\u00fcm ile kurum operasyon maliyetlerinde ve sahtekarl\u0131k sald\u0131r\u0131lar\u0131nda b\u00fcy\u00fck oranda azalma sa\u011flanm\u0131\u015ft\u0131r.<br \/>\nG\u00fcvenlik konusunda sa\u011flanan faydan\u0131n yan\u0131 s\u0131ra, an\u0131nda kamera g\u00f6r\u00fcnt\u00fclerine eri\u015fim \u00f6zelli\u011fi ile m\u00fc\u015fterileri \u015fikayetleri k\u0131sa s\u00fcrede \u00e7\u00f6z\u00fcmlenerek, m\u00fc\u015fteri memnuniyeti art\u0131r\u0131lm\u0131\u015ft\u0131r.Dan\u0131\u015fmanl\u0131k Hizmetleri: Bireysel Bankac\u0131l\u0131k projesine y\u00f6nelik olarak Albaraka T\u00fcrk Kat\u0131l\u0131m Bankas\u0131 ATM, Banka Kart\u0131 ve bankac\u0131l\u0131k sisteminin yeni sisteme (Intertech) ge\u00e7i\u015fi s\u0131ras\u0131nda dan\u0131\u015fmanl\u0131k hizmeti verilmi\u015ftir. Bu hizmet ile bankan\u0131n anahtar (key) y\u00f6netimi, standartlara uyum, g\u00fcvenlik ve di\u011fer sistemlerle entegrasyonuna y\u00f6nelik uygun destek sa\u011flanm\u0131\u015ft\u0131r.<\/p>\n<\/div>\n<\/div>\n<div class=\"col-md-12 refContainer\"><img class=\"imgResponsive\" src=\"https:\/\/termtech.com.tr\/wp-content\/uploads\/2019\/05\/vakifBank_Hover.jpg\" data-modal=\"vakifModal\" \/><\/div>\n<div id=\"vakifModal\" class=\"modalDialog\">\n<div>\n<p><span class=\"close\" data-modal=\"vakifModal\">X<\/span><\/p>\n<h2 class=\"modalHeader\">Vak\u0131fbank<\/h2>\n<p>Yeni bankac\u0131l\u0131k uygulamas\u0131 ge\u00e7i\u015fi s\u0131ras\u0131nda Vak\u0131fbank\u2019\u0131n ihtiya\u00e7 duydu\u011fu destek TermTech taraf\u0131ndan sa\u011flanm\u0131\u015f, amaca y\u00f6nelik ve kuruma \u00f6zel \u00e7\u00f6z\u00fcmler ile beklentiler tam olarak kar\u015f\u0131lanm\u0131\u015ft\u0131r. \u00dcretilen \u00e7\u00f6z\u00fcm ile entegre edilen sistemler aras\u0131nda olu\u015fan y\u00fcksek say\u0131daki i\u015flemler \u00fcst seviye performans sa\u011flanarak y\u00f6netilmektedir.<br \/>\nHSM Server Uygulamas\u0131: Banka HSM kullan\u0131m\u0131 i\u00e7in gerekli t\u00fcm i\u015fleyi\u015flerinde TermTech uygulamalar\u0131n\u0131 kullanmaktad\u0131r.<br \/>\nOrkestrasyon Uygulamas\u0131: Bankan\u0131n ATM sistemleri, Kart\/Pos sistemleri, Internet\/Call Center sistemleri ile eski ve yeni bankac\u0131l\u0131k sistemleri aras\u0131ndaki i\u015flem (transaction) y\u00f6netimini yapan ve t\u00fcm mesaj yap\u0131lar\u0131n\u0131 destekleyen Vak\u0131fbank\u2019a \u00f6zel aktif olarak kullan\u0131lmak olan g\u00fc\u00e7l\u00fc bir server uygulamas\u0131 geli\u015ftirilmi\u015ftir.<\/p>\n<\/div>\n<\/div>\n<div class=\"col-md-12 refContainer\"><img class=\"imgResponsive\" src=\"https:\/\/termtech.com.tr\/wp-content\/uploads\/2023\/10\/Fibabanka.jpeg\" data-modal=\"trFibaModal\" \/><\/div>\n<div id=\"trFibaModal\" class=\"modalDialog\">\n<div>\n<p><span class=\"close\" data-modal=\"trFibaModal\">X<\/span><\/p>\n<h2 class=\"modalHeader\">Fibabanka<\/h2>\n<\/div>\n<\/div>\n<div class=\"col-md-12 refContainer\"><img class=\"imgResponsive\" src=\"https:\/\/termtech.com.tr\/wp-content\/uploads\/2023\/10\/BKT-Albania.jpeg\" data-modal=\"trBktAlModal\" \/><\/div>\n<div id=\"trBktAlModal\" class=\"modalDialog\">\n<div>\n<p><span class=\"close\" data-modal=\"trBktAlModal\">X<\/span><\/p>\n<h2 class=\"modalHeader\">BKT Arnavutluk<\/h2>\n<\/div>\n<\/div>\n<div class=\"col-md-12 refContainer\"><img class=\"imgResponsive\" src=\"https:\/\/termtech.com.tr\/wp-content\/uploads\/2019\/07\/bkm.png\" data-modal=\"bkmModal\" \/><\/div>\n<div id=\"bkmModal\" class=\"modalDialog\">\n<div>\n<p><span class=\"close\" data-modal=\"bkmModal\">X<\/span><\/p>\n<h2 class=\"modalHeader\">BKM<\/h2>\n<p>Apple temass\u0131z \u00f6deme noktas\u0131<\/p>\n<\/div>\n<\/div>\n<p>[\/vc_column_text][\/vc_column][vc_column width=&#8221;1\/2&#8243;][vc_column_text]<\/p>\n<div class=\"col-md-12 refContainer\"><img class=\"imgResponsive\" src=\"https:\/\/termtech.com.tr\/wp-content\/uploads\/2019\/05\/trFinans_hover.jpg\" data-modal=\"trFinansModal\" \/><\/div>\n<div id=\"trFinansModal\" class=\"modalDialog\">\n<div>\n<p><span class=\"close\" data-modal=\"trFinansModal\">X<\/span><\/p>\n<h2 class=\"modalHeader\">T\u00fcrkiye Finans Kat\u0131l\u0131m Bankas\u0131<\/h2>\n<p>T\u00fcrkiye Finans Kat\u0131l\u0131m Bankas\u0131\u2019n\u0131n ATM kurulu park\u0131 i\u00e7in ihtiya\u00e7 duydu\u011fu t\u00fcm \u00e7\u00f6z\u00fcmler TermTech taraf\u0131ndan d\u00fc\u015f\u00fck i\u015fletim maliyeti ve y\u00fcksek verimlilik ile sa\u011flanm\u0131\u015ft\u0131r. Kurumun ATM y\u00f6netimi i\u00e7in kullanmakta oldu\u011fu TermTech \u00fcr\u00fcn\u00fc t\u00fcm uygulamalar\u0131n listesi a\u015fa\u011f\u0131da verilmektedir.<br \/>\no ATM Transaction Server (Optimus)<br \/>\no ATM Remote Key Loading (Nemesis)<br \/>\no HSM Management (Omega)<br \/>\no Switch ISO 8583 (Trion)<br \/>\no ATM Device Management (Nova)<br \/>\no ATM Incident Management (Sentinel)<br \/>\no ATM E-journal (Zeta)<br \/>\no ATM File Management (Nexus)<br \/>\no ATM Inventory Management (Alpha)<\/p>\n<p>Ayr\u0131ca, T\u00fcrkiye Finans Kat\u0131l\u0131m Bankas\u0131 i\u00e7in a\u015fa\u011f\u0131daki di\u011fer sistemlerle entegrasyonlar ger\u00e7ekle\u015ftirilmi\u015ftir.<br \/>\no Bankac\u0131l\u0131k Sistemi<br \/>\no Kart Sistemleri<br \/>\no Fraud Sistemi<br \/>\no Kampanya Sistemi<\/p>\n<\/div>\n<\/div>\n<div class=\"col-md-12 refContainer\"><img class=\"imgResponsive\" src=\"https:\/\/termtech.com.tr\/wp-content\/uploads\/2019\/05\/ziraat_Hover.jpg\" data-modal=\"ziraatModal\" \/><\/div>\n<div id=\"ziraatModal\" class=\"modalDialog\">\n<div>\n<p><span class=\"close\" data-modal=\"ziraatModal\">X<\/span><\/p>\n<h2 class=\"modalHeader\">Ziraat Bankas\u0131<\/h2>\n<p>2017 y\u0131l\u0131 ba\u015f\u0131nda projelendirilerek geli\u015ftirilmesi ba\u015flam\u0131\u015f olan Yeni ATM Y\u00f6netim sisteminde, ATM\u2019lerin y\u00f6netimini sa\u011flamak \u00fczere son derece g\u00fc\u00e7l\u00fc ve kolay y\u00f6netilebilir, y\u00fcksek hizmet seviyesine sahip ATM Server \u00e7\u00f6z\u00fcm\u00fc sa\u011flanm\u0131\u015ft\u0131r.<br \/>\nDan\u0131\u015fmanl\u0131k Hizmetleri: TermTech olarak 20 y\u0131l\u0131 a\u015fan tecr\u00fcbesi ile ATM mimarisinin tarafs\u0131zca de\u011ferlendirilmesi konusunda dan\u0131\u015fmanl\u0131k hizmeti verilmi\u015ftir.<br \/>\nZiraat Bankas\u0131 ATM sistemlerinin yenilik\u00e7i yeni bir yap\u0131ya ge\u00e7i\u015fi i\u00e7in Diebold Nixdorf i\u015f birli\u011fi ile proje ger\u00e7ekle\u015ftirilmi\u015ftir. Yap\u0131lan bu proje ile ATM\u2019lerin y\u00f6netimine dair ATM server taraf\u0131ndaki uygulamalar TermTech taraf\u0131ndan sa\u011flanm\u0131\u015ft\u0131r. Ziraat Bankas\u0131nda kullan\u0131lan uygulamalar ve entegre olunan sistemler a\u015fa\u011f\u0131da listelenmi\u015ftir.<br \/>\no ATM Transaction Server (Optimus) ve ATM i\u015flem\/kasa mutabakat sistemi<br \/>\no ATM Remote Key Loading (Nemesis)<br \/>\no HSM Management (Omega)<br \/>\no ATM E-journal (Zeta)<br \/>\no Switch (Trion)<\/p>\n<p>Ayr\u0131ca, Ziraat Bankas\u0131 i\u00e7in a\u015fa\u011f\u0131daki di\u011fer sistemlerle entegrasyonlar ger\u00e7ekle\u015ftirilmi\u015ftir.<br \/>\no Bankac\u0131l\u0131k Sistemi<br \/>\no Kart Sistemleri<br \/>\no Fraud Sistemi<\/p>\n<\/div>\n<\/div>\n<div class=\"col-md-12 refContainer\"><img class=\"imgResponsive\" src=\"https:\/\/termtech.com.tr\/wp-content\/uploads\/2023\/10\/Aktifbank.jpeg\" data-modal=\"trAktifModal\" \/><\/div>\n<div id=\"trAktifModal\" class=\"modalDialog\">\n<div>\n<p><span class=\"close\" data-modal=\"trAktifModal\">X<\/span><\/p>\n<h2 class=\"modalHeader\">Mercury Pay<\/h2>\n<\/div>\n<\/div>\n<div class=\"col-md-12 refContainer\"><img class=\"imgResponsive\" src=\"https:\/\/termtech.com.tr\/wp-content\/uploads\/2023\/10\/BKT-Kosova.jpeg\" data-modal=\"trBKTKosovaModal\" \/><\/div>\n<div id=\"trBKTKosovaModal\" class=\"modalDialog\">\n<div>\n<p><span class=\"close\" data-modal=\"trBKTKosovaModal\">X<\/span><\/p>\n<h2 class=\"modalHeader\">BKT Kosova<\/h2>\n<\/div>\n<\/div>\n<div class=\"col-md-12 refContainer\"><img loading=\"lazy\" class=\"imgResponsive\" src=\"https:\/\/termtech.com.tr\/wp-content\/uploads\/2023\/10\/mercury-pay.svg\" width=\"266\" height=\"52\" data-modal=\"trMercuryModal\" \/><\/div>\n<div id=\"trMercuryModal\" class=\"modalDialog\">\n<div>\n<p><span class=\"close\" data-modal=\"trMercuryModal\">X<\/span><\/p>\n<h2 class=\"modalHeader\">Mercury<\/h2>\n<\/div>\n<\/div>\n<div class=\"col-md-12 refContainer\"><img loading=\"lazy\" class=\"imgResponsive\" src=\"https:\/\/termtech.com.tr\/wp-content\/uploads\/2023\/10\/dunya-katilim.svg\" width=\"266\" height=\"52\" data-modal=\"trDunyaKatilimModal\" \/><\/div>\n<div id=\"trMercuryModal\" class=\"modalDialog\">\n<div>\n<p><span class=\"close\" data-modal=\"trDunyaKatilimModal\">X<\/span><\/p>\n<h2 class=\"modalHeader\">D\u00fcnya Kat\u0131l\u0131m Bankas\u0131<\/h2>\n<p>[\/vc_column_text][\/vc_column][\/vc_row][vc_row css_animation=&#8221;&#8221; row_type=&#8221;row&#8221; use_row_as_full_screen_section=&#8221;no&#8221; type=&#8221;full_width&#8221; angled_section=&#8221;no&#8221; text_align=&#8221;left&#8221; background_image_as_pattern=&#8221;without_pattern&#8221;][vc_column][vc_raw_js]JTNDc2NyaXB0JTIwdHlwZSUzRCUyMnRleHQlMkZqYXZhc2NyaXB0JTIyJTNFJTIwJTBBdmFyJTIwYnRuJTIwJTNEJTIwZG9jdW1lbnQuZ2V0RWxlbWVudHNCeUNsYXNzTmFtZSUyOCUyMmltZ1Jlc3BvbnNpdmUlMjIlMjklM0IlMEElMEFmb3IlMjAlMjh2YXIlMjBpJTIwJTNEJTIwMCUzQiUyMGklMjAlM0MlMjBidG4ubGVuZ3RoJTNCJTIwaSUyQiUyQiUyOSUyMCU3QiUwQSUyMCUyMHZhciUyMHRoaXNCdG4lMjAlM0QlMjBidG4lNUJpJTVEJTNCJTBBJTIwJTIwdGhpc0J0bi5hZGRFdmVudExpc3RlbmVyJTI4JTIyY2xpY2slMjIlMkMlMjBmdW5jdGlvbiUyOCUyOSU3QiUwQSUyMCUyMCUyMCUyMHZhciUyMG1vZGFsJTIwJTNEJTIwZG9jdW1lbnQuZ2V0RWxlbWVudEJ5SWQlMjh0aGlzLmRhdGFzZXQubW9kYWwlMjklM0IlMEElMjAlMjAlMjAlMjBtb2RhbC5zdHlsZS5vcGFjaXR5JTIwJTNEJTIwJTIyMSUyMiUzQiUwQSUyMCUyMCUyMCUyMG1vZGFsLnN0eWxlLnBvaW50ZXJFdmVudHMlMjAlM0QlMjAlMjJhdXRvJTIyJTNCJTBBJTdEJTJDJTIwZmFsc2UlMjklM0IlMEElN0QlM0IlMEF2YXIlMjBjbG9zZSUyMCUzRCUyMGRvY3VtZW50LmdldEVsZW1lbnRzQnlDbGFzc05hbWUlMjglMjJjbG9zZSUyMiUyOSUzQiUwQSUwQWZvciUyMCUyOHZhciUyMGkyJTIwJTNEJTIwMCUzQiUyMGkyJTIwJTNDJTIwY2xvc2UubGVuZ3RoJTNCJTIwaTIlMkIlMkIlMjklMjAlN0IlMEElMjAlMjB2YXIlMjB0aGlzQ2xvc2UlMjAlM0QlMjBjbG9zZSU1QmkyJTVEJTNCJTBBJTIwJTIwdGhpc0Nsb3NlLmFkZEV2ZW50TGlzdGVuZXIlMjglMjJjbGljayUyMiUyQyUyMGZ1bmN0aW9uJTI4JTI5JTdCJTBBJTIwJTIwJTIwJTIwdmFyJTIwbW9kYWwyJTIwJTNEJTIwZG9jdW1lbnQuZ2V0RWxlbWVudEJ5SWQlMjh0aGlzLmRhdGFzZXQubW9kYWwlMjklM0IlMEElMjAlMjAlMjAlMjBtb2RhbDIuc3R5bGUub3BhY2l0eSUyMCUzRCUyMCUyMjAlMjIlM0IlMEElMjAlMjAlMjAlMjBtb2RhbDIuc3R5bGUucG9pbnRlckV2ZW50cyUyMCUzRCUyMCUyMm5vbmUlMjIlM0IlMEElN0QlMkMlMjBmYWxzZSUyOSUzQiUwQSU3RCUzQiUwQSUzQyUyRnNjcmlwdCUzRQ==[\/vc_raw_js][\/vc_column][\/vc_row]<\/p>\n<\/div>\n<\/div>\n","protected":false},"excerpt":{"rendered":"<p>[vc_row css_animation=&#8221;&#8221; row_type=&#8221;row&#8221; use_row_as_full_screen_section=&#8221;no&#8221; type=&#8221;full_width&#8221; angled_section=&#8221;no&#8221; text_align=&#8221;left&#8221; background_image_as_pattern=&#8221;without_pattern&#8221; el_class=&#8221;headerRow&#8221; z_index=&#8221;&#8221;][vc_column][vc_row_inner row_type=&#8221;row&#8221; type=&#8221;grid&#8221; text_align=&#8221;left&#8221; css_animation=&#8221;&#8221; el_class=&#8221;headerContentRow&#8221;][vc_column_inner][vc_column_text] REFERANSLARIMIZ [\/vc_column_text][\/vc_column_inner][\/vc_row_inner][\/vc_column][\/vc_row][vc_row css_animation=&#8221;element_from_left&#8221; row_type=&#8221;row&#8221; use_row_as_full_screen_section=&#8221;no&#8221; type=&#8221;grid&#8221; angled_section=&#8221;no&#8221; text_align=&#8221;left&#8221; background_image_as_pattern=&#8221;without_pattern&#8221; css=&#8221;.vc_custom_1553861367982{margin-top: 50px !important;margin-bottom: 50px !important;}&#8221; z_index=&#8221;&#8221; el_class=&#8221;contentRow referances&#8221;][vc_column width=&#8221;1\/2&#8243;][vc_column_text] X Albaraka T\u00fcrk Kat\u0131l\u0131m Bankas\u0131 G\u00fcvenlik Sistemleri: Albaraka T\u00fcrk Kat\u0131l\u0131m Bankas\u0131, ATM\u2019lerinin&#8230;<\/p>\n","protected":false},"author":1,"featured_media":0,"parent":0,"menu_order":0,"comment_status":"closed","ping_status":"closed","template":"full_width.php","meta":[],"_links":{"self":[{"href":"https:\/\/termtech.com.tr\/index.php\/wp-json\/wp\/v2\/pages\/638"}],"collection":[{"href":"https:\/\/termtech.com.tr\/index.php\/wp-json\/wp\/v2\/pages"}],"about":[{"href":"https:\/\/termtech.com.tr\/index.php\/wp-json\/wp\/v2\/types\/page"}],"author":[{"embeddable":true,"href":"https:\/\/termtech.com.tr\/index.php\/wp-json\/wp\/v2\/users\/1"}],"replies":[{"embeddable":true,"href":"https:\/\/termtech.com.tr\/index.php\/wp-json\/wp\/v2\/comments?post=638"}],"version-history":[{"count":34,"href":"https:\/\/termtech.com.tr\/index.php\/wp-json\/wp\/v2\/pages\/638\/revisions"}],"predecessor-version":[{"id":1243,"href":"https:\/\/termtech.com.tr\/index.php\/wp-json\/wp\/v2\/pages\/638\/revisions\/1243"}],"wp:attachment":[{"href":"https:\/\/termtech.com.tr\/index.php\/wp-json\/wp\/v2\/media?parent=638"}],"curies":[{"name":"wp","href":"https:\/\/api.w.org\/{rel}","templated":true}]}}