{"id":630,"date":"2019-05-02T03:21:17","date_gmt":"2019-05-02T00:21:17","guid":{"rendered":"http:\/\/termtech.com.tr\/?page_id=630"},"modified":"2021-03-02T18:21:29","modified_gmt":"2021-03-02T15:21:29","slug":"proje-yonetimi","status":"publish","type":"page","link":"https:\/\/termtech.com.tr\/index.php\/proje-yonetimi\/","title":{"rendered":"PROJE Y\u00d6NET\u0130M\u0130"},"content":{"rendered":"<p>[vc_row css_animation=&#8221;&#8221; row_type=&#8221;row&#8221; use_row_as_full_screen_section=&#8221;no&#8221; type=&#8221;full_width&#8221; angled_section=&#8221;no&#8221; text_align=&#8221;left&#8221; background_image_as_pattern=&#8221;without_pattern&#8221; el_class=&#8221;headerRow&#8221; z_index=&#8221;&#8221;][vc_column][vc_row_inner row_type=&#8221;row&#8221; type=&#8221;grid&#8221; text_align=&#8221;left&#8221; css_animation=&#8221;&#8221; el_class=&#8221;headerContentRow&#8221;][vc_column_inner][vc_column_text]<\/p>\n<h3>H\u0130ZMETLER\u0130M\u0130Z<\/h3>\n<p>[\/vc_column_text][\/vc_column_inner][\/vc_row_inner][\/vc_column][\/vc_row][vc_row css_animation=&#8221;element_from_left&#8221; row_type=&#8221;row&#8221; use_row_as_full_screen_section=&#8221;no&#8221; type=&#8221;grid&#8221; angled_section=&#8221;no&#8221; text_align=&#8221;left&#8221; background_image_as_pattern=&#8221;without_pattern&#8221; el_class=&#8221;contentRow lastRow&#8221; z_index=&#8221;&#8221;][vc_column width=&#8221;1\/2&#8243;][vc_single_image image=&#8221;634&#8243; img_size=&#8221;large&#8221; qode_css_animation=&#8221;&#8221; el_class=&#8221;imgResponsive&#8221;][\/vc_column][vc_column width=&#8221;1\/2&#8243;][vc_column_text]<\/p>\n<div class=\"contentBlock\">\n<h3 class=\"contentTitle\">TERMTECH PROJE Y\u00d6NET\u0130M\u0130 H\u0130ZMETLER\u0130<\/h3>\n<p>20 y\u0131ll\u0131k sekt\u00f6r deneyimli ekibimizle bankac\u0131l\u0131k alan\u0131nda size \u00f6zel ki\u015fiselle\u015ftirilmi\u015f \u00e7\u00f6z\u00fcmler \u00fcretmekteyiz. \u0130htiya\u00e7 analizinden yaz\u0131l\u0131m mimarisi dizayn\u0131na, donan\u0131m-yaz\u0131l\u0131m optimizasyonundan g\u00fc\u00e7lendirilmi\u015f g\u00fcvenlik \u00e7\u00f6z\u00fcmlerine u\u00e7tan u\u00e7a de\u011fer yarat\u0131yoruz.<\/p>\n<p>E\u015f zamanl\u0131 m\u00fchendislik yakla\u015f\u0131m\u0131n\u0131 merkeze alan modern proje y\u00f6netim anlay\u0131\u015f\u0131m\u0131zla, verdi\u011fimiz hizmetleri tam zaman\u0131nda ve beklenen kalitede sunmay\u0131, ilk defada do\u011fruyu yapmay\u0131 birinci \u00f6ncelik olarak kabul ediyoruz.<\/p>\n<p>Projeyi hayata ge\u00e7irirken s\u00fcrd\u00fcr\u00fclebilir ve otonom i\u015f s\u00fcre\u00e7leri dizayn ederek 7\/24 kesintisiz hizmet vermeyi hedef al\u0131yoruz.<\/p>\n<p><a class=\"qbutton pullLeft\" href=\"https:\/\/termtech.com.tr\/index.php\/iletisim\/\">DETAYLI B\u0130LG\u0130 \u0130STE<\/a><\/p>\n<\/div>\n<p>[\/vc_column_text][\/vc_column][\/vc_row]<\/p>\n","protected":false},"excerpt":{"rendered":"<p>[vc_row css_animation=&#8221;&#8221; row_type=&#8221;row&#8221; use_row_as_full_screen_section=&#8221;no&#8221; type=&#8221;full_width&#8221; angled_section=&#8221;no&#8221; text_align=&#8221;left&#8221; background_image_as_pattern=&#8221;without_pattern&#8221; el_class=&#8221;headerRow&#8221; z_index=&#8221;&#8221;][vc_column][vc_row_inner row_type=&#8221;row&#8221; type=&#8221;grid&#8221; text_align=&#8221;left&#8221; css_animation=&#8221;&#8221; el_class=&#8221;headerContentRow&#8221;][vc_column_inner][vc_column_text] H\u0130ZMETLER\u0130M\u0130Z [\/vc_column_text][\/vc_column_inner][\/vc_row_inner][\/vc_column][\/vc_row][vc_row css_animation=&#8221;element_from_left&#8221; row_type=&#8221;row&#8221; use_row_as_full_screen_section=&#8221;no&#8221; type=&#8221;grid&#8221; angled_section=&#8221;no&#8221; text_align=&#8221;left&#8221; background_image_as_pattern=&#8221;without_pattern&#8221; el_class=&#8221;contentRow lastRow&#8221; z_index=&#8221;&#8221;][vc_column width=&#8221;1\/2&#8243;][vc_single_image image=&#8221;634&#8243; img_size=&#8221;large&#8221; qode_css_animation=&#8221;&#8221; el_class=&#8221;imgResponsive&#8221;][\/vc_column][vc_column width=&#8221;1\/2&#8243;][vc_column_text] TERMTECH PROJE Y\u00d6NET\u0130M\u0130 H\u0130ZMETLER\u0130 20 y\u0131ll\u0131k sekt\u00f6r deneyimli ekibimizle bankac\u0131l\u0131k alan\u0131nda size&#8230;<\/p>\n","protected":false},"author":1,"featured_media":0,"parent":0,"menu_order":0,"comment_status":"closed","ping_status":"closed","template":"full_width.php","meta":[],"_links":{"self":[{"href":"https:\/\/termtech.com.tr\/index.php\/wp-json\/wp\/v2\/pages\/630"}],"collection":[{"href":"https:\/\/termtech.com.tr\/index.php\/wp-json\/wp\/v2\/pages"}],"about":[{"href":"https:\/\/termtech.com.tr\/index.php\/wp-json\/wp\/v2\/types\/page"}],"author":[{"embeddable":true,"href":"https:\/\/termtech.com.tr\/index.php\/wp-json\/wp\/v2\/users\/1"}],"replies":[{"embeddable":true,"href":"https:\/\/termtech.com.tr\/index.php\/wp-json\/wp\/v2\/comments?post=630"}],"version-history":[{"count":8,"href":"https:\/\/termtech.com.tr\/index.php\/wp-json\/wp\/v2\/pages\/630\/revisions"}],"predecessor-version":[{"id":1207,"href":"https:\/\/termtech.com.tr\/index.php\/wp-json\/wp\/v2\/pages\/630\/revisions\/1207"}],"wp:attachment":[{"href":"https:\/\/termtech.com.tr\/index.php\/wp-json\/wp\/v2\/media?parent=630"}],"curies":[{"name":"wp","href":"https:\/\/api.w.org\/{rel}","templated":true}]}}