{"id":610,"date":"2019-05-02T02:55:23","date_gmt":"2019-05-01T23:55:23","guid":{"rendered":"http:\/\/termtech.com.tr\/?page_id=610"},"modified":"2019-05-13T17:20:29","modified_gmt":"2019-05-13T14:20:29","slug":"hakkimizda","status":"publish","type":"page","link":"https:\/\/termtech.com.tr\/index.php\/hakkimizda\/","title":{"rendered":"HAKKIMIZDA"},"content":{"rendered":"<p>[vc_row css_animation=&#8221;&#8221; row_type=&#8221;row&#8221; use_row_as_full_screen_section=&#8221;no&#8221; type=&#8221;full_width&#8221; angled_section=&#8221;no&#8221; text_align=&#8221;left&#8221; background_image_as_pattern=&#8221;without_pattern&#8221; el_class=&#8221;headerRow&#8221; z_index=&#8221;&#8221;][vc_column][vc_row_inner row_type=&#8221;row&#8221; type=&#8221;grid&#8221; text_align=&#8221;left&#8221; css_animation=&#8221;&#8221; el_class=&#8221;headerContentRow&#8221;][vc_column_inner][vc_column_text]<\/p>\n<h3>HAKKIMIZDA<\/h3>\n<p>[\/vc_column_text][\/vc_column_inner][\/vc_row_inner][\/vc_column][\/vc_row][vc_row css_animation=&#8221;element_from_right&#8221; row_type=&#8221;row&#8221; use_row_as_full_screen_section=&#8221;no&#8221; type=&#8221;grid&#8221; angled_section=&#8221;no&#8221; text_align=&#8221;left&#8221; background_image_as_pattern=&#8221;without_pattern&#8221; z_index=&#8221;&#8221; el_class=&#8221;contentRow&#8221;][vc_column width=&#8221;1\/2&#8243;][vc_single_image image=&#8221;620&#8243; img_size=&#8221;large&#8221; qode_css_animation=&#8221;&#8221; el_class=&#8221;imgResponsive&#8221;][\/vc_column][vc_column width=&#8221;1\/2&#8243;][vc_column_text]<\/p>\n<div class=\"contentBlock\">\n<h3 class=\"contentTitle\">Self Servis Cihazlar \u0130\u00e7in Etkin \u00c7\u00f6z\u00fcmler<\/h3>\n<p><strong>TermTech;<\/strong> ismi Terminal ve Technology kelimelerinin bir araya getirilmesiyle olu\u015fan, ATM ve Kiosk terminallerin ba\u015fta g\u00fcvenlik olmak \u00fczere di\u011fer t\u00fcm y\u00f6netimini sa\u011flayan \u00fcr\u00fcnlerin ortaya \u00e7\u0131kar\u0131lmas\u0131 amac\u0131yla 2006 y\u0131l\u0131nda kurulmu\u015f bir firmad\u0131r. <strong>TermTech<\/strong> bu t\u00fcr \u00fcr\u00fcnlerin yan\u0131nda; yine hedefi geni\u015f m\u00fc\u015fteri kitlesi olan kurumlar\u0131n ya\u015famlar\u0131n\u0131 kolayla\u015ft\u0131racak \u00fcr\u00fcnler sunmak \u00fczere s\u00fcrekli ara\u015ft\u0131rma ve geli\u015ftirme faaliyetlerine devam etmektedir.<\/p>\n<\/div>\n<p>[\/vc_column_text][\/vc_column][\/vc_row][vc_row css_animation=&#8221;&#8221; row_type=&#8221;row&#8221; use_row_as_full_screen_section=&#8221;no&#8221; type=&#8221;full_width&#8221; angled_section=&#8221;no&#8221; text_align=&#8221;left&#8221; background_image=&#8221;1512&#8243; background_image_as_pattern=&#8221;without_pattern&#8221; el_class=&#8221;sectionRow hide&#8221; z_index=&#8221;&#8221;][vc_column][vc_row_inner row_type=&#8221;row&#8221; type=&#8221;grid&#8221; text_align=&#8221;left&#8221; background_color=&#8221;transparent&#8221; css_animation=&#8221;&#8221;][vc_column_inner width=&#8221;1\/4&#8243;]<div class=\"q_counter_holder  center\" style=\"\"><span class=\"counter  random\" style=\"color: #fbfbfb;font-size: 62px;font-weight: 300;\">3200<\/span><p class=\"counter_text\" style=\"color: #fbfbfb;\">BA\u015eARILI KURULUM<\/p><\/div>[\/vc_column_inner][vc_column_inner width=&#8221;1\/4&#8243;]<div class=\"q_counter_holder  center\" style=\"\"><span class=\"counter  random\" style=\"color: #fbfbfb;font-size: 62px;font-weight: 300;\">12800<\/span><p class=\"counter_text\" style=\"color: #fbfbfb;\">SAAT SERV\u0130S H\u0130ZMET\u0130<\/p><\/div>[\/vc_column_inner][vc_column_inner width=&#8221;1\/4&#8243;]<div class=\"q_counter_holder  center\" style=\"\"><span class=\"counter  random\" style=\"color: #fbfbfb;font-size: 62px;font-weight: 300;\">13<\/span><p class=\"counter_text\" style=\"color: #fbfbfb;\">YILLIK DENEY\u0130M<\/p><\/div>[\/vc_column_inner][vc_column_inner width=&#8221;1\/4&#8243;]<div class=\"q_counter_holder  center\" style=\"\"><span class=\"counter  random\" style=\"color: #fbfbfb;font-size: 62px;font-weight: 300;\">17<\/span><p class=\"counter_text\" style=\"color: #fbfbfb;\">TEKN\u0130K PERSONEL<\/p><\/div>[\/vc_column_inner][\/vc_row_inner][\/vc_column][\/vc_row][vc_row css_animation=&#8221;element_from_left&#8221; row_type=&#8221;row&#8221; use_row_as_full_screen_section=&#8221;no&#8221; type=&#8221;grid&#8221; angled_section=&#8221;no&#8221; text_align=&#8221;left&#8221; background_image_as_pattern=&#8221;without_pattern&#8221; el_class=&#8221;contentRow lastRow&#8221; z_index=&#8221;&#8221;][vc_column width=&#8221;1\/2&#8243;][vc_column_text]<\/p>\n<div class=\"contentBlock\">\n<h3 class=\"contentTitle text-center\">M\u0130SYONUMUZ<\/h3>\n<p>Yenilik\u00e7i yakla\u015f\u0131mlar ile yeni teknolojilerin olanaklar\u0131n\u0131 kullanarak \u00fcst\u00fcn \u00f6zellikli \u00fcr\u00fcnler arac\u0131l\u0131\u011f\u0131 ile hayat\u0131 kolayla\u015ft\u0131ran faydal\u0131 projeler \u00fcretmek.<\/p>\n<p>Kullan\u0131labilirli\u011fi olmas\u0131 ve fayda sa\u011flamas\u0131 \u015fart\u0131yla sunulan her iyi hizmetin ba\u015far\u0131 olarak geri d\u00f6nece\u011fine inanan <strong>TermTech,<\/strong> her a\u015famada \u00f6nceliklerini m\u00fc\u015fterilerinin yarar\u0131n\u0131 g\u00f6zeterek belirlemektedir.<\/p>\n<\/div>\n<p>[\/vc_column_text][\/vc_column][vc_column width=&#8221;1\/2&#8243; el_class=&#8221;colLeftBordered&#8221;][vc_column_text]<\/p>\n<div class=\"contentBlock\">\n<h3 class=\"contentTitle text-center\">GENEL YAKLA\u015eIMIMIZ<\/h3>\n<p><strong>TermTech<\/strong> taraf\u0131ndan geli\u015ftirilen \u00fcr\u00fcnler, s\u00fcrekli geli\u015ferek \u00e7e\u015fitlilik g\u00f6steren teknolojilere paralel olarak, kurum i\u00e7i veya kurumlar aras\u0131 kullan\u0131mda entegre uygulamalar\u0131n uluslararas\u0131 standartlara uygun kurallara uyumlu, g\u00fcvenlik unsurlar\u0131n\u0131n \u00f6n planda tutuldu\u011fu, kullan\u0131c\u0131lar ve kurumlar a\u00e7\u0131s\u0131ndan y\u00f6netimi ve kullan\u0131m\u0131 kolay \u00e7\u00f6z\u00fcmler sunar.<\/p>\n<p>Bu \u00e7er\u00e7evede <strong>TermTech,<\/strong> bilgi teknolojileriyle birlikte ya\u015famay\u0131 kolayla\u015ft\u0131rarak her kesime fayda sa\u011flayan ve yenilik\u00e7i yakla\u015f\u0131mlarla yeni de\u011ferler \u00fcreterek g\u00fcvenilir bir i\u015f orta\u011f\u0131 olmay\u0131 hedef olarak benimsemi\u015ftir.<\/p>\n<p>Ekip \u00e7al\u0131\u015fmas\u0131na b\u00fcy\u00fck \u00f6nem veren <strong>TermTech,<\/strong> m\u00fc\u015fterilerinin de\u011fi\u015fen ihtiya\u00e7lar\u0131n\u0131 \u00f6nceden g\u00f6rerek bu ihtiya\u00e7lar\u0131 kar\u015f\u0131layabilecek yeni \u00fcr\u00fcn ve hizmetler sunmak i\u00e7in s\u00fcrekli \u00e7al\u0131\u015fmaktad\u0131r.<\/p>\n<p>Gerek m\u00fc\u015fterileriyle ve gerekse ekibiyle do\u011fruluk, a\u00e7\u0131kl\u0131k ve g\u00fcven ili\u015fkisi kurma ilkelerini benimseyen <strong>TermTech,<\/strong> inand\u0131\u011f\u0131 bu ilkelerden hi\u00e7bir zaman \u00f6d\u00fcn vermemektedir.<\/p>\n<\/div>\n<p>[\/vc_column_text][\/vc_column][\/vc_row][vc_row css_animation=&#8221;&#8221; row_type=&#8221;row&#8221; use_row_as_full_screen_section=&#8221;no&#8221; type=&#8221;full_width&#8221; angled_section=&#8221;no&#8221; text_align=&#8221;left&#8221; background_image_as_pattern=&#8221;without_pattern&#8221;][vc_column][vc_column_text]<\/p>\n<p>[\/vc_column_text][\/vc_column][\/vc_row]<\/p>\n","protected":false},"excerpt":{"rendered":"<p>[vc_row css_animation=&#8221;&#8221; row_type=&#8221;row&#8221; use_row_as_full_screen_section=&#8221;no&#8221; type=&#8221;full_width&#8221; angled_section=&#8221;no&#8221; text_align=&#8221;left&#8221; background_image_as_pattern=&#8221;without_pattern&#8221; el_class=&#8221;headerRow&#8221; z_index=&#8221;&#8221;][vc_column][vc_row_inner row_type=&#8221;row&#8221; type=&#8221;grid&#8221; text_align=&#8221;left&#8221; css_animation=&#8221;&#8221; el_class=&#8221;headerContentRow&#8221;][vc_column_inner][vc_column_text] HAKKIMIZDA [\/vc_column_text][\/vc_column_inner][\/vc_row_inner][\/vc_column][\/vc_row][vc_row css_animation=&#8221;element_from_right&#8221; row_type=&#8221;row&#8221; use_row_as_full_screen_section=&#8221;no&#8221; type=&#8221;grid&#8221; angled_section=&#8221;no&#8221; text_align=&#8221;left&#8221; background_image_as_pattern=&#8221;without_pattern&#8221; z_index=&#8221;&#8221; el_class=&#8221;contentRow&#8221;][vc_column width=&#8221;1\/2&#8243;][vc_single_image image=&#8221;620&#8243; img_size=&#8221;large&#8221; qode_css_animation=&#8221;&#8221; el_class=&#8221;imgResponsive&#8221;][\/vc_column][vc_column width=&#8221;1\/2&#8243;][vc_column_text] Self Servis Cihazlar \u0130\u00e7in Etkin \u00c7\u00f6z\u00fcmler TermTech; ismi Terminal ve Technology kelimelerinin bir&#8230;<\/p>\n","protected":false},"author":1,"featured_media":0,"parent":0,"menu_order":0,"comment_status":"closed","ping_status":"closed","template":"full_width.php","meta":[],"_links":{"self":[{"href":"https:\/\/termtech.com.tr\/index.php\/wp-json\/wp\/v2\/pages\/610"}],"collection":[{"href":"https:\/\/termtech.com.tr\/index.php\/wp-json\/wp\/v2\/pages"}],"about":[{"href":"https:\/\/termtech.com.tr\/index.php\/wp-json\/wp\/v2\/types\/page"}],"author":[{"embeddable":true,"href":"https:\/\/termtech.com.tr\/index.php\/wp-json\/wp\/v2\/users\/1"}],"replies":[{"embeddable":true,"href":"https:\/\/termtech.com.tr\/index.php\/wp-json\/wp\/v2\/comments?post=610"}],"version-history":[{"count":5,"href":"https:\/\/termtech.com.tr\/index.php\/wp-json\/wp\/v2\/pages\/610\/revisions"}],"predecessor-version":[{"id":949,"href":"https:\/\/termtech.com.tr\/index.php\/wp-json\/wp\/v2\/pages\/610\/revisions\/949"}],"wp:attachment":[{"href":"https:\/\/termtech.com.tr\/index.php\/wp-json\/wp\/v2\/media?parent=610"}],"curies":[{"name":"wp","href":"https:\/\/api.w.org\/{rel}","templated":true}]}}