{"id":382,"date":"2016-10-11T17:15:57","date_gmt":"2016-10-11T14:15:57","guid":{"rendered":"http:\/\/termtech.com.tr\/?page_id=382"},"modified":"2021-03-16T10:57:14","modified_gmt":"2021-03-16T07:57:14","slug":"contact-us","status":"publish","type":"page","link":"https:\/\/termtech.com.tr\/index.php\/language\/en\/contact-us\/","title":{"rendered":"Contact Us"},"content":{"rendered":"<p>[vc_row css_animation=&#8221;&#8221; row_type=&#8221;row&#8221; use_row_as_full_screen_section=&#8221;no&#8221; type=&#8221;full_width&#8221; angled_section=&#8221;no&#8221; text_align=&#8221;left&#8221; background_image_as_pattern=&#8221;without_pattern&#8221; el_class=&#8221;headerRow&#8221; z_index=&#8221;&#8221;][vc_column][vc_row_inner row_type=&#8221;row&#8221; type=&#8221;grid&#8221; text_align=&#8221;left&#8221; css_animation=&#8221;&#8221; el_class=&#8221;headerContentRow&#8221;][vc_column_inner][vc_column_text]<\/p>\n<h3>CONTACT<\/h3>\n<p>[\/vc_column_text][\/vc_column_inner][\/vc_row_inner][\/vc_column][\/vc_row][vc_row css_animation=&#8221;element_from_right&#8221; row_type=&#8221;row&#8221; use_row_as_full_screen_section=&#8221;no&#8221; type=&#8221;grid&#8221; anchor=&#8221;contactSection&#8221; angled_section=&#8221;no&#8221; text_align=&#8221;left&#8221; background_image_as_pattern=&#8221;without_pattern&#8221; el_class=&#8221;contentRow&#8221; z_index=&#8221;&#8221; el_id=&#8221;contactSection&#8221;][vc_column width=&#8221;1\/2&#8243;][vc_column_text]<\/p>\n<div class=\"contentBlock\">\n<h3 class=\"contentTitle\">CONTACT INFO<\/h3>\n<div class=\"contact-group\">\n<h4 class=\"contact-header\">Headquarter<\/h4>\n<div><i class=\"icon-basic-home\"><\/i>Ko\u015fuyolu Mah. Mahmut Yesari Cad. No:34 Kad\u0131k\u00f6y \/ \u0130STANBUL<\/div>\n<div><i class=\"icon-basic-smartphone\"><\/i>(+90) 0216 326 11 71<\/div>\n<div><i class=\"icon-basic-mail-open-text\"><\/i><a href=\"mailto:info@termtech.com.tr\">info@termtech.com.tr<\/a><\/div>\n<\/div>\n<div class=\"contact-group\">\n<div><\/div>\n<h4 class=\"contact-header\">Branch<\/h4>\n<div><i class=\"icon-basic-home\"><\/i>D\u00fczce Teknopark Geli\u015ftirme B\u00f6lgesi\u00a0Orhangazi Mah. Teknopark Cad. No:1\/113 Merkez \/ D\u00dcZCE<\/div>\n<\/div>\n<\/div>\n<p>[\/vc_column_text][\/vc_column][\/vc_row][vc_row css_animation=&#8221;&#8221; row_type=&#8221;row&#8221; use_row_as_full_screen_section=&#8221;no&#8221; type=&#8221;full_width&#8221; angled_section=&#8221;no&#8221; text_align=&#8221;left&#8221; background_image_as_pattern=&#8221;without_pattern&#8221; side_padding=&#8221;0&#8243; el_class=&#8221;contentRow n-p n-m&#8221; z_index=&#8221;&#8221;][vc_column]<div class='google_map_shortcode_holder' style='height:360px;'><div class='qode_google_map' style='height:360px;' id='map_canvas_16666' data-addresses='[\"Ko\u015fuyolu Mah. Mahmut Yesari Cad. No:34 34718 Kad\u0131k\u00f6y\/\u0130stanbul\"]' data-custom-map-style='false' data-color-overlay='#393939' data-saturation='-100' data-lightness='-60' data-zoom='14' data-pin='https:\/\/termtech.com.tr\/wp-content\/uploads\/2019\/06\/Termtech_Pin_1.png' data-unique-id='16666' data-google-maps-scroll-wheel='false' data-snazzy-map-style='no' data-map-height='360'><\/div><div class='google_map_shortcode_overlay'><\/div><\/div>[\/vc_column][\/vc_row]<\/p>\n","protected":false},"excerpt":{"rendered":"<p>[vc_row css_animation=&#8221;&#8221; row_type=&#8221;row&#8221; use_row_as_full_screen_section=&#8221;no&#8221; type=&#8221;full_width&#8221; angled_section=&#8221;no&#8221; text_align=&#8221;left&#8221; background_image_as_pattern=&#8221;without_pattern&#8221; el_class=&#8221;headerRow&#8221; z_index=&#8221;&#8221;][vc_column][vc_row_inner row_type=&#8221;row&#8221; type=&#8221;grid&#8221; text_align=&#8221;left&#8221; css_animation=&#8221;&#8221; el_class=&#8221;headerContentRow&#8221;][vc_column_inner][vc_column_text] CONTACT [\/vc_column_text][\/vc_column_inner][\/vc_row_inner][\/vc_column][\/vc_row][vc_row css_animation=&#8221;element_from_right&#8221; row_type=&#8221;row&#8221; use_row_as_full_screen_section=&#8221;no&#8221; type=&#8221;grid&#8221; anchor=&#8221;contactSection&#8221; angled_section=&#8221;no&#8221; text_align=&#8221;left&#8221; background_image_as_pattern=&#8221;without_pattern&#8221; el_class=&#8221;contentRow&#8221; z_index=&#8221;&#8221; el_id=&#8221;contactSection&#8221;][vc_column width=&#8221;1\/2&#8243;][vc_column_text] CONTACT INFO Headquarter Ko\u015fuyolu Mah. Mahmut Yesari Cad. No:34 Kad\u0131k\u00f6y \/ \u0130STANBUL (+90) 0216 326 11&#8230;<\/p>\n","protected":false},"author":1,"featured_media":0,"parent":0,"menu_order":0,"comment_status":"open","ping_status":"closed","template":"full_width.php","meta":[],"_links":{"self":[{"href":"https:\/\/termtech.com.tr\/index.php\/wp-json\/wp\/v2\/pages\/382"}],"collection":[{"href":"https:\/\/termtech.com.tr\/index.php\/wp-json\/wp\/v2\/pages"}],"about":[{"href":"https:\/\/termtech.com.tr\/index.php\/wp-json\/wp\/v2\/types\/page"}],"author":[{"embeddable":true,"href":"https:\/\/termtech.com.tr\/index.php\/wp-json\/wp\/v2\/users\/1"}],"replies":[{"embeddable":true,"href":"https:\/\/termtech.com.tr\/index.php\/wp-json\/wp\/v2\/comments?post=382"}],"version-history":[{"count":17,"href":"https:\/\/termtech.com.tr\/index.php\/wp-json\/wp\/v2\/pages\/382\/revisions"}],"predecessor-version":[{"id":1221,"href":"https:\/\/termtech.com.tr\/index.php\/wp-json\/wp\/v2\/pages\/382\/revisions\/1221"}],"wp:attachment":[{"href":"https:\/\/termtech.com.tr\/index.php\/wp-json\/wp\/v2\/media?parent=382"}],"curies":[{"name":"wp","href":"https:\/\/api.w.org\/{rel}","templated":true}]}}