{"id":124,"date":"2014-06-08T01:45:34","date_gmt":"2014-06-07T22:45:34","guid":{"rendered":"http:\/\/127.0.0.1:8080\/aykan\/?page_id=4"},"modified":"2021-03-02T16:51:41","modified_gmt":"2021-03-02T13:51:41","slug":"anasayfa","status":"publish","type":"page","link":"https:\/\/termtech.com.tr\/","title":{"rendered":"Anasayfa"},"content":{"rendered":"<p>[vc_row css_animation=&#8221;&#8221; row_type=&#8221;row&#8221; use_row_as_full_screen_section=&#8221;no&#8221; type=&#8221;full_width&#8221; angled_section=&#8221;no&#8221; text_align=&#8221;left&#8221; background_image_as_pattern=&#8221;without_pattern&#8221; el_class=&#8221;headerRow withSection&#8221; z_index=&#8221;&#8221;][vc_column][\/vc_column][\/vc_row][vc_row css_animation=&#8221;element_from_left&#8221; row_type=&#8221;row&#8221; use_row_as_full_screen_section=&#8221;no&#8221; type=&#8221;grid&#8221; angled_section=&#8221;no&#8221; text_align=&#8221;left&#8221; background_image_as_pattern=&#8221;without_pattern&#8221; el_class=&#8221;contentRow&#8221; z_index=&#8221;&#8221;][vc_column width=&#8221;1\/2&#8243;][vc_column_text]<\/p>\n<div class=\"contentBlock\">\n<h3 class=\"contentTitle\">Self Servis Cihazlar \u0130\u00e7in Etkin \u00c7\u00f6z\u00fcmler<\/h3>\n<p><strong>TermTech;<\/strong> ismi Terminal ve Technology kelimelerinin bir araya getirilmesiyle olu\u015fan, ATM ve Kiosk terminallerin ba\u015fta g\u00fcvenlik olmak \u00fczere di\u011fer t\u00fcm y\u00f6netimini sa\u011flayan \u00fcr\u00fcnlerin ortaya \u00e7\u0131kar\u0131lmas\u0131 amac\u0131yla 2006 y\u0131l\u0131nda kurulmu\u015f bir firmad\u0131r.<\/p>\n<p><strong>TermTech<\/strong> bu t\u00fcr \u00fcr\u00fcnlerin yan\u0131nda; yine hedefi geni\u015f m\u00fc\u015fteri kitlesi olan kurumlar\u0131n ya\u015famlar\u0131n\u0131 kolayla\u015ft\u0131racak \u00fcr\u00fcnler sunmak \u00fczere s\u00fcrekli ara\u015ft\u0131rma ve geli\u015ftirme faaliyetlerine devam etmektedir.<\/p>\n<p><a class=\"qbutton\" href=\"https:\/\/termtech.com.tr\/index.php\/hakkimizda\/\">DEVAMINI OKU<\/a><\/p>\n<\/div>\n<p>[\/vc_column_text][\/vc_column][vc_column width=&#8221;1\/2&#8243;][vc_single_image image=&#8221;618&#8243; img_size=&#8221;large&#8221; alignment=&#8221;right&#8221; qode_css_animation=&#8221;&#8221; el_class=&#8221;imgResponsive&#8221;][\/vc_column][\/vc_row][vc_row css_animation=&#8221;&#8221; row_type=&#8221;row&#8221; use_row_as_full_screen_section=&#8221;no&#8221; type=&#8221;grid&#8221; angled_section=&#8221;no&#8221; text_align=&#8221;center&#8221; background_image_as_pattern=&#8221;without_pattern&#8221; padding_top=&#8221;50&#8243; padding_bottom=&#8221;20&#8243; z_index=&#8221;&#8221; el_class=&#8221;contentRow&#8221;][vc_column][vc_column_text]<\/p>\n<h4 class=\"centeredMotto\">ATM\u2019lerin PERFORMANS, VER\u0130ML\u0130L\u0130K ve G\u00dcVENL\u0130\u011e\u0130N\u0130 ARTIRIN<\/h4>\n<p>[\/vc_column_text][\/vc_column][\/vc_row][vc_row css_animation=&#8221;element_from_right&#8221; row_type=&#8221;row&#8221; use_row_as_full_screen_section=&#8221;no&#8221; type=&#8221;grid&#8221; angled_section=&#8221;no&#8221; text_align=&#8221;left&#8221; background_image_as_pattern=&#8221;without_pattern&#8221; padding_top=&#8221;50&#8243; z_index=&#8221;&#8221;][vc_column offset=&#8221;vc_col-lg-4 vc_col-md-4&#8243;]<div class='q_icon_with_title tiny normal_icon '><div class=\"icon_holder \" style=\" \"><span data-icon-type=\"normal\"   style=\"font-size: 40px;\" class=\"qode_iwt_icon_holder q_font_awsome_icon fa-lg  \"><i class=\"qodef-icon-linea-icon icon-basic-server2 qode_iwt_icon_element\" style=\"color: #99d02e;\" ><\/i><\/span><\/div><div class=\"icon_text_holder\" style=\"padding-left:72px;\"><div class=\"icon_text_inner\" style=\"\"><h6 class=\"icon_title\" style=\"color: #262626;font-weight: 500;\">YAZILIM \u00c7\u00d6Z\u00dcMLER\u0130M\u0130Z<\/h6>[vc_separator type=\"small\" position=\"left\" color=\"\" thickness=\"2\" width=\"20\" up=\"7\" down=\"21\"]<p style=''>ATM\u2019in b\u00fct\u00fcnsel olarak m\u00fc\u015fteriye hizmet verebilir olmas\u0131n\u0131 ger\u00e7ek zamanl\u0131 sa\u011flamak isteyen t\u00fcm kurumlar i\u00e7in...<\/p><a itemprop='url' class='icon_with_title_link' href='https:\/\/termtech.com.tr\/index.php\/ttp-termtech-prime-online-suite\/' target='_self' style='color: #303030;'>DEVAMINI OKU<\/a><\/div><\/div><\/div>[vc_separator type=&#8221;transparent&#8221; thickness=&#8221;0&#8243; up=&#8221;27&#8243; down=&#8221;0&#8243;][\/vc_column][vc_column offset=&#8221;vc_col-lg-4 vc_col-md-4&#8243;]<div class='q_icon_with_title tiny normal_icon '><div class=\"icon_holder \" style=\" \"><span data-icon-type=\"normal\"   style=\"font-size: 40px;\" class=\"qode_iwt_icon_holder q_font_awsome_icon fa-lg  \"><i class=\"qodef-icon-linea-icon icon-basic-server-cloud qode_iwt_icon_element\" style=\"color: #99d02e;\" ><\/i><\/span><\/div><div class=\"icon_text_holder\" style=\"padding-left:72px;\"><div class=\"icon_text_inner\" style=\"\"><h6 class=\"icon_title\" style=\"color: #262626;font-weight: 500;\">DONANIM \u00c7\u00d6Z\u00dcMLER\u0130M\u0130Z<\/h6>[vc_separator type=\"small\" position=\"left\" color=\"\" thickness=\"2\" width=\"20\" up=\"7\" down=\"21\"]<p style=''>TermTech g\u00fc\u00e7l\u00fc yaz\u0131l\u0131m \u00fcr\u00fcnleri yan\u0131 s\u0131ra ATM ve \u00f6deme d\u00fcnyas\u0131na y\u00f6nelik donan\u0131m AR-GE \u00e7al\u0131\u015fmalar\u0131yla da ihtiya\u00e7lara uygun...<\/p><a itemprop='url' class='icon_with_title_link' href='https:\/\/termtech.com.tr\/index.php\/tti-termtech-interior-atm-kiosk-environment-suite\/' target='_self' style='color: #303030;'>DEVAMINI OKU<\/a><\/div><\/div><\/div>[vc_separator type=&#8221;transparent&#8221; thickness=&#8221;0&#8243; up=&#8221;27&#8243; down=&#8221;0&#8243;][\/vc_column][vc_column offset=&#8221;vc_col-lg-4 vc_col-md-4&#8243;]<div class='q_icon_with_title tiny normal_icon '><div class=\"icon_holder \" style=\" \"><span data-icon-type=\"normal\"   style=\"font-size: 40px;\" class=\"qode_iwt_icon_holder q_font_awsome_icon fa-lg  \"><i class=\"qodef-icon-linea-icon icon-basic-signs qode_iwt_icon_element\" style=\"color: #e7c662;\" ><\/i><\/span><\/div><div class=\"icon_text_holder\" style=\"padding-left:72px;\"><div class=\"icon_text_inner\" style=\"\"><h6 class=\"icon_title\" style=\"color: #262626;font-weight: 500;\">DANI\u015eMANLIK H\u0130ZMETLER\u0130<\/h6>[vc_separator type=\"small\" position=\"left\" color=\"\" thickness=\"2\" width=\"20\" up=\"7\" down=\"21\"]<p style=''>ATM sekt\u00f6r\u00fcndeki se\u00e7kin tecr\u00fcbemizle kurumlar\u0131n ihtiya\u00e7lar\u0131 do\u011frultusunda dan\u0131\u015fmanl\u0131k hizmetleri veriyoruz...<\/p><a itemprop='url' class='icon_with_title_link' href='https:\/\/termtech.com.tr\/index.php\/danismanlik-hizmetleri\/' target='_self' style='color: #303030;'>DEVAMINI OKU<\/a><\/div><\/div><\/div>[vc_separator type=&#8221;transparent&#8221; thickness=&#8221;0&#8243; up=&#8221;27&#8243; down=&#8221;0&#8243;][\/vc_column][\/vc_row][vc_row css_animation=&#8221;element_from_right&#8221; row_type=&#8221;row&#8221; use_row_as_full_screen_section=&#8221;no&#8221; type=&#8221;grid&#8221; angled_section=&#8221;no&#8221; text_align=&#8221;left&#8221; background_image_as_pattern=&#8221;without_pattern&#8221; z_index=&#8221;&#8221;][vc_column offset=&#8221;vc_col-lg-4 vc_col-md-4&#8243;]<div class='q_icon_with_title tiny normal_icon '><div class=\"icon_holder \" style=\" \"><span data-icon-type=\"normal\"   style=\"font-size: 40px;\" class=\"qode_iwt_icon_holder q_font_awsome_icon fa-lg  \"><i class=\"qodef-icon-linea-icon icon-basic-share qode_iwt_icon_element\" style=\"color: #007eff;\" ><\/i><\/span><\/div><div class=\"icon_text_holder\" style=\"padding-left:72px;\"><div class=\"icon_text_inner\" style=\"\"><h6 class=\"icon_title\" style=\"color: #262626;font-weight: 500;\">PROJE Y\u00d6NET\u0130M\u0130<\/h6>[vc_separator type=\"small\" position=\"left\" color=\"\" thickness=\"2\" width=\"20\" up=\"7\" down=\"21\"]<p style=''>Projelerinizin y\u00f6netimi i\u00e7in 20 y\u0131l\u0131 a\u015fk\u0131n sekt\u00f6r tecr\u00fcbesine ve ihtiya\u00e7 duydu\u011funuz profesyonel yard\u0131ma kolayl\u0131kla ula\u015fabilirsiniz.<\/p><a itemprop='url' class='icon_with_title_link' href='https:\/\/termtech.com.tr\/index.php\/proje-yonetimi\/' target='_self' style='color: #303030;'>DEVAMINI OKU<\/a><\/div><\/div><\/div>[vc_separator type=&#8221;transparent&#8221; thickness=&#8221;0&#8243; up=&#8221;27&#8243; down=&#8221;0&#8243;][\/vc_column][vc_column offset=&#8221;vc_col-lg-4 vc_col-md-4&#8243;]<div class='q_icon_with_title tiny normal_icon '><div class=\"icon_holder \" style=\" \"><span data-icon-type=\"normal\"   style=\"font-size: 40px;\" class=\"qode_iwt_icon_holder q_font_awsome_icon fa-lg  \"><i class=\"qodef-icon-linea-icon icon-basic-settings qode_iwt_icon_element\" style=\"color: #cb0016;\" ><\/i><\/span><\/div><div class=\"icon_text_holder\" style=\"padding-left:72px;\"><div class=\"icon_text_inner\" style=\"\"><h6 class=\"icon_title\" style=\"color: #262626;font-weight: 500;\">YER\u0130NDE UZMAN H\u0130ZMETLER\u0130<\/h6>[vc_separator type=\"small\" position=\"left\" color=\"\" thickness=\"2\" width=\"20\" up=\"7\" down=\"21\"]<p style=''>Kadronuzda projelerinizi ger\u00e7ekle\u015ftirecek yeterli insan kayna\u011f\u0131 bulunmad\u0131\u011f\u0131 zamanlarda ihtiya\u00e7 duydu\u011funuz kalifikasyonda...<\/p><a itemprop='url' class='icon_with_title_link' href='https:\/\/termtech.com.tr\/index.php\/yerinde-uzman-hizmetleri\/' target='_self' style='color: #303030;'>DEVAMINI OKU<\/a><\/div><\/div><\/div>[vc_separator type=&#8221;transparent&#8221; thickness=&#8221;0&#8243; up=&#8221;27&#8243; down=&#8221;0&#8243;][\/vc_column][vc_column offset=&#8221;vc_col-lg-4 vc_col-md-4&#8243;][vc_separator type=&#8221;transparent&#8221; thickness=&#8221;0&#8243; up=&#8221;27&#8243; down=&#8221;0&#8243;][\/vc_column][\/vc_row][vc_row css_animation=&#8221;&#8221; row_type=&#8221;row&#8221; use_row_as_full_screen_section=&#8221;no&#8221; type=&#8221;full_width&#8221; angled_section=&#8221;no&#8221; text_align=&#8221;left&#8221; background_image_as_pattern=&#8221;without_pattern&#8221; el_class=&#8221;contentRow&#8221; z_index=&#8221;&#8221;][vc_column][vc_column_text]<\/p>\n<h4 style=\"text-align: center; letter-spacing: 1px; font-weight: 500; font-size: 22px;\">TERMTECH BLOG<\/h4>\n<p>[\/vc_column_text][vc_separator type=&#8221;small&#8221; position=&#8221;center&#8221; color=&#8221;#303030&#8243;][\/vc_column][\/vc_row][vc_row css_animation=&#8221;&#8221; row_type=&#8221;row&#8221; use_row_as_full_screen_section=&#8221;no&#8221; type=&#8221;grid&#8221; angled_section=&#8221;no&#8221; text_align=&#8221;left&#8221; background_image_as_pattern=&#8221;without_pattern&#8221; z_index=&#8221;&#8221; el_class=&#8221;lastRow&#8221;][vc_column]<div class='latest_post_two_holder four_columns'><ul><li class=\"clearfix\"><div class=\"latest_post_two_image\"><a itemprop=\"url\" href=\"https:\/\/termtech.com.tr\/index.php\/atmlerde-musteri-gozunden-guvenlik\/\"><img width=\"600\" height=\"400\" src=\"https:\/\/termtech.com.tr\/wp-content\/uploads\/2019\/05\/Blog002-600x400.jpg\" class=\"attachment-portfolio-portrait size-portfolio-portrait wp-post-image\" alt=\"\" loading=\"lazy\" \/><\/a><\/div><div class=\"latest_post_two_inner\" ><div class=\"latest_post_two_text\"><h5 itemprop=\"name\" class=\"latest_post_two_title entry_title\"><a itemprop=\"url\" href=\"https:\/\/termtech.com.tr\/index.php\/atmlerde-musteri-gozunden-guvenlik\/\" >ATM\u2019lerde m\u00fc\u015fteri g\u00f6z\u00fcnden g\u00fcvenlik<\/a><\/h5><div class=\"separator small left \" ><\/div><p itemprop=\"description\" class=\"latest_post_two_excerpt\" >Avrupa\u2019da ge\u00e7ti\u011fimiz g\u00fcnlerde ya\u015fanan a\u011f sorunu nedeniyle kredi kart\u0131 kullan\u0131m\u0131n\u0131n ge\u00e7ici olarak dur<\/p><\/div><div class=\"latest_post_two_info\" ><div class=\"latest_post_two_info_inner\" ><div class=\"post_info_author\"><img alt='Author Image' src='https:\/\/secure.gravatar.com\/avatar\/cdece2027a5a7236cd7cf5d41a55317c?s=30&#038;d=mm&#038;r=g' srcset='https:\/\/secure.gravatar.com\/avatar\/cdece2027a5a7236cd7cf5d41a55317c?s=60&#038;d=mm&#038;r=g 2x' class='avatar avatar-30 photo' height='30' width='30' loading='lazy'\/><span class=\"post_info_author_name\">Termtech<\/span><\/div><div itemprop=\"dateCreated\" class=\"post_info_date entry_date updated\">03 May\u0131s, 2019<meta itemprop=\"interactionCount\" content=\"UserComments: <?php echo get_comments_number(qode_get_page_id()); ?>\"\/><\/div><\/div><\/div><\/div><\/li><li class=\"clearfix\"><div class=\"latest_post_two_image\"><a itemprop=\"url\" href=\"https:\/\/termtech.com.tr\/index.php\/atmlerde-saskinlik-yaratan-dolandiricilik-yontemi\/\"><img width=\"600\" height=\"400\" src=\"https:\/\/termtech.com.tr\/wp-content\/uploads\/2019\/05\/Blog001-1-600x400.jpg\" class=\"attachment-portfolio-portrait size-portfolio-portrait wp-post-image\" alt=\"\" loading=\"lazy\" \/><\/a><\/div><div class=\"latest_post_two_inner\" ><div class=\"latest_post_two_text\"><h5 itemprop=\"name\" class=\"latest_post_two_title entry_title\"><a itemprop=\"url\" href=\"https:\/\/termtech.com.tr\/index.php\/atmlerde-saskinlik-yaratan-dolandiricilik-yontemi\/\" >ATM&#8217;lerde \u015fa\u015fk\u0131nl\u0131k yaratan doland\u0131r\u0131c\u0131l\u0131k y\u00f6ntemi<\/a><\/h5><div class=\"separator small left \" ><\/div><p itemprop=\"description\" class=\"latest_post_two_excerpt\" >Bursa Siber Su\u00e7larla M\u00fccadele M\u00fcd\u00fcrl\u00fc\u011f\u00fc Ba\u015fkomiseri Suat Dilber, \u201cATM\u2019lere kart kopyalama cihaz\u0131 tak<\/p><\/div><div class=\"latest_post_two_info\" ><div class=\"latest_post_two_info_inner\" ><div class=\"post_info_author\"><img alt='Author Image' src='https:\/\/secure.gravatar.com\/avatar\/cdece2027a5a7236cd7cf5d41a55317c?s=30&#038;d=mm&#038;r=g' srcset='https:\/\/secure.gravatar.com\/avatar\/cdece2027a5a7236cd7cf5d41a55317c?s=60&#038;d=mm&#038;r=g 2x' class='avatar avatar-30 photo' height='30' width='30' loading='lazy'\/><span class=\"post_info_author_name\">Termtech<\/span><\/div><div itemprop=\"dateCreated\" class=\"post_info_date entry_date updated\">03 May\u0131s, 2019<meta itemprop=\"interactionCount\" content=\"UserComments: <?php echo get_comments_number(qode_get_page_id()); ?>\"\/><\/div><\/div><\/div><\/div><\/li><\/ul><\/div>[\/vc_column][\/vc_row]<\/p>\n","protected":false},"excerpt":{"rendered":"<p>[vc_row css_animation=&#8221;&#8221; row_type=&#8221;row&#8221; use_row_as_full_screen_section=&#8221;no&#8221; type=&#8221;full_width&#8221; angled_section=&#8221;no&#8221; text_align=&#8221;left&#8221; background_image_as_pattern=&#8221;without_pattern&#8221; el_class=&#8221;headerRow withSection&#8221; z_index=&#8221;&#8221;][vc_column][\/vc_column][\/vc_row][vc_row css_animation=&#8221;element_from_left&#8221; row_type=&#8221;row&#8221; use_row_as_full_screen_section=&#8221;no&#8221; type=&#8221;grid&#8221; angled_section=&#8221;no&#8221; text_align=&#8221;left&#8221; background_image_as_pattern=&#8221;without_pattern&#8221; el_class=&#8221;contentRow&#8221; z_index=&#8221;&#8221;][vc_column width=&#8221;1\/2&#8243;][vc_column_text] Self Servis Cihazlar \u0130\u00e7in Etkin \u00c7\u00f6z\u00fcmler TermTech; ismi Terminal ve Technology kelimelerinin bir araya getirilmesiyle olu\u015fan, ATM ve Kiosk terminallerin ba\u015fta g\u00fcvenlik olmak \u00fczere&#8230;<\/p>\n","protected":false},"author":1,"featured_media":0,"parent":0,"menu_order":0,"comment_status":"closed","ping_status":"open","template":"full_width.php","meta":[],"_links":{"self":[{"href":"https:\/\/termtech.com.tr\/index.php\/wp-json\/wp\/v2\/pages\/124"}],"collection":[{"href":"https:\/\/termtech.com.tr\/index.php\/wp-json\/wp\/v2\/pages"}],"about":[{"href":"https:\/\/termtech.com.tr\/index.php\/wp-json\/wp\/v2\/types\/page"}],"author":[{"embeddable":true,"href":"https:\/\/termtech.com.tr\/index.php\/wp-json\/wp\/v2\/users\/1"}],"replies":[{"embeddable":true,"href":"https:\/\/termtech.com.tr\/index.php\/wp-json\/wp\/v2\/comments?post=124"}],"version-history":[{"count":9,"href":"https:\/\/termtech.com.tr\/index.php\/wp-json\/wp\/v2\/pages\/124\/revisions"}],"predecessor-version":[{"id":1192,"href":"https:\/\/termtech.com.tr\/index.php\/wp-json\/wp\/v2\/pages\/124\/revisions\/1192"}],"wp:attachment":[{"href":"https:\/\/termtech.com.tr\/index.php\/wp-json\/wp\/v2\/media?parent=124"}],"curies":[{"name":"wp","href":"https:\/\/api.w.org\/{rel}","templated":true}]}}