{"id":103,"date":"2014-06-08T03:41:06","date_gmt":"2014-06-08T00:41:06","guid":{"rendered":"http:\/\/127.0.0.1:8080\/aykan\/?page_id=103"},"modified":"2021-03-16T10:59:07","modified_gmt":"2021-03-16T07:59:07","slug":"iletisim","status":"publish","type":"page","link":"https:\/\/termtech.com.tr\/index.php\/iletisim\/","title":{"rendered":"\u0130LET\u0130\u015e\u0130M"},"content":{"rendered":"<p>[vc_row css_animation=&#8221;&#8221; row_type=&#8221;row&#8221; use_row_as_full_screen_section=&#8221;no&#8221; type=&#8221;full_width&#8221; angled_section=&#8221;no&#8221; text_align=&#8221;left&#8221; background_image_as_pattern=&#8221;without_pattern&#8221; el_class=&#8221;headerRow&#8221; z_index=&#8221;&#8221;][vc_column][vc_row_inner row_type=&#8221;row&#8221; type=&#8221;grid&#8221; text_align=&#8221;left&#8221; css_animation=&#8221;&#8221; el_class=&#8221;headerContentRow&#8221;][vc_column_inner][vc_column_text]<\/p>\n<h3>\u0130LET\u0130\u015e\u0130M<\/h3>\n<p>[\/vc_column_text][\/vc_column_inner][\/vc_row_inner][\/vc_column][\/vc_row][vc_row css_animation=&#8221;element_from_right&#8221; row_type=&#8221;row&#8221; use_row_as_full_screen_section=&#8221;no&#8221; type=&#8221;grid&#8221; anchor=&#8221;contactSection&#8221; angled_section=&#8221;no&#8221; text_align=&#8221;left&#8221; background_image_as_pattern=&#8221;without_pattern&#8221; el_class=&#8221;contentRow&#8221; z_index=&#8221;&#8221; el_id=&#8221;contactSection&#8221;][vc_column width=&#8221;1\/2&#8243;][vc_column_text]<\/p>\n<div class=\"contentBlock\">\n<h3 class=\"contentTitle\">\u0130LET\u0130\u015e\u0130M B\u0130LG\u0130LER\u0130M\u0130Z<\/h3>\n<div class=\"contact-group\">\n<div class=\"contact-header\">Merkez<\/div>\n<div><i class=\"icon-basic-home\"><\/i>Ko\u015fuyolu Mah. Mahmut Yesari Cad. No:34 Kad\u0131k\u00f6y \/ \u0130STANBUL<\/div>\n<div><i class=\"icon-basic-smartphone\"><\/i>(+90) 0216 326 11 71<\/div>\n<div><i class=\"icon-basic-mail-open-text\"><\/i><a href=\"mailto:info@termtech.com.tr\">info@termtech.com.tr<\/a><\/div>\n<\/div>\n<div class=\"contact-group\">\n<div class=\"contact-header\">\u015eube<\/div>\n<div><i class=\"icon-basic-home\"><\/i>D\u00fczce Teknopark Geli\u015ftirme B\u00f6lgesi\u00a0Orhangazi Mah. Teknopark Cad. No:1\/113 Merkez \/ D\u00dcZCE<\/div>\n<\/div>\n<\/div>\n<p>[\/vc_column_text][\/vc_column][\/vc_row][vc_row css_animation=&#8221;&#8221; row_type=&#8221;row&#8221; use_row_as_full_screen_section=&#8221;no&#8221; type=&#8221;full_width&#8221; angled_section=&#8221;no&#8221; text_align=&#8221;left&#8221; background_image_as_pattern=&#8221;without_pattern&#8221; side_padding=&#8221;0&#8243; el_class=&#8221;contentRow n-p n-m&#8221; z_index=&#8221;&#8221;][vc_column]<div class='google_map_shortcode_holder' style='height:360px;'><div class='qode_google_map' style='height:360px;' id='map_canvas_41989' data-addresses='[\"Mahmut Yesari Caddesi No: 34 Ko\u015fuyolu Mahallesi 34718 Kad\u0131k\u00f6y\/\u0130stanbul\"]' data-custom-map-style='false' data-color-overlay='#393939' data-saturation='-100' data-lightness='-60' data-zoom='14' data-pin='https:\/\/termtech.com.tr\/wp-content\/uploads\/2019\/06\/Termtech_Pin_2.png' data-unique-id='41989' data-google-maps-scroll-wheel='false' data-snazzy-map-style='no' data-map-height='360'><\/div><div class='google_map_shortcode_overlay'><\/div><\/div>[\/vc_column][\/vc_row]<\/p>\n","protected":false},"excerpt":{"rendered":"<p>[vc_row css_animation=&#8221;&#8221; row_type=&#8221;row&#8221; use_row_as_full_screen_section=&#8221;no&#8221; type=&#8221;full_width&#8221; angled_section=&#8221;no&#8221; text_align=&#8221;left&#8221; background_image_as_pattern=&#8221;without_pattern&#8221; el_class=&#8221;headerRow&#8221; z_index=&#8221;&#8221;][vc_column][vc_row_inner row_type=&#8221;row&#8221; type=&#8221;grid&#8221; text_align=&#8221;left&#8221; css_animation=&#8221;&#8221; el_class=&#8221;headerContentRow&#8221;][vc_column_inner][vc_column_text] \u0130LET\u0130\u015e\u0130M [\/vc_column_text][\/vc_column_inner][\/vc_row_inner][\/vc_column][\/vc_row][vc_row css_animation=&#8221;element_from_right&#8221; row_type=&#8221;row&#8221; use_row_as_full_screen_section=&#8221;no&#8221; type=&#8221;grid&#8221; anchor=&#8221;contactSection&#8221; angled_section=&#8221;no&#8221; text_align=&#8221;left&#8221; background_image_as_pattern=&#8221;without_pattern&#8221; el_class=&#8221;contentRow&#8221; z_index=&#8221;&#8221; el_id=&#8221;contactSection&#8221;][vc_column width=&#8221;1\/2&#8243;][vc_column_text] \u0130LET\u0130\u015e\u0130M B\u0130LG\u0130LER\u0130M\u0130Z Merkez Ko\u015fuyolu Mah. Mahmut Yesari Cad. No:34 Kad\u0131k\u00f6y \/ \u0130STANBUL (+90) 0216 326 11&#8230;<\/p>\n","protected":false},"author":1,"featured_media":0,"parent":0,"menu_order":0,"comment_status":"closed","ping_status":"closed","template":"full_width.php","meta":[],"_links":{"self":[{"href":"https:\/\/termtech.com.tr\/index.php\/wp-json\/wp\/v2\/pages\/103"}],"collection":[{"href":"https:\/\/termtech.com.tr\/index.php\/wp-json\/wp\/v2\/pages"}],"about":[{"href":"https:\/\/termtech.com.tr\/index.php\/wp-json\/wp\/v2\/types\/page"}],"author":[{"embeddable":true,"href":"https:\/\/termtech.com.tr\/index.php\/wp-json\/wp\/v2\/users\/1"}],"replies":[{"embeddable":true,"href":"https:\/\/termtech.com.tr\/index.php\/wp-json\/wp\/v2\/comments?post=103"}],"version-history":[{"count":14,"href":"https:\/\/termtech.com.tr\/index.php\/wp-json\/wp\/v2\/pages\/103\/revisions"}],"predecessor-version":[{"id":1223,"href":"https:\/\/termtech.com.tr\/index.php\/wp-json\/wp\/v2\/pages\/103\/revisions\/1223"}],"wp:attachment":[{"href":"https:\/\/termtech.com.tr\/index.php\/wp-json\/wp\/v2\/media?parent=103"}],"curies":[{"name":"wp","href":"https:\/\/api.w.org\/{rel}","templated":true}]}}