{"id":1007,"date":"2019-06-24T18:29:53","date_gmt":"2019-06-24T15:29:53","guid":{"rendered":"http:\/\/termtech.com.tr\/?page_id=1007"},"modified":"2025-03-25T14:30:51","modified_gmt":"2025-03-25T11:30:51","slug":"references","status":"publish","type":"page","link":"https:\/\/termtech.com.tr\/index.php\/language\/en\/references\/","title":{"rendered":"REFERENCES"},"content":{"rendered":"<p>[vc_row css_animation=&#8221;&#8221; row_type=&#8221;row&#8221; use_row_as_full_screen_section=&#8221;no&#8221; type=&#8221;full_width&#8221; angled_section=&#8221;no&#8221; text_align=&#8221;left&#8221; background_image_as_pattern=&#8221;without_pattern&#8221; el_class=&#8221;headerRow&#8221; z_index=&#8221;&#8221;][vc_column][vc_row_inner row_type=&#8221;row&#8221; type=&#8221;grid&#8221; text_align=&#8221;left&#8221; css_animation=&#8221;&#8221; el_class=&#8221;headerContentRow&#8221;][vc_column_inner][vc_column_text]<\/p>\n<h3>REFERENCES<\/h3>\n<p>[\/vc_column_text][\/vc_column_inner][\/vc_row_inner][\/vc_column][\/vc_row][vc_row css_animation=&#8221;element_from_left&#8221; row_type=&#8221;row&#8221; use_row_as_full_screen_section=&#8221;no&#8221; type=&#8221;grid&#8221; angled_section=&#8221;no&#8221; text_align=&#8221;left&#8221; background_image_as_pattern=&#8221;without_pattern&#8221; css=&#8221;.vc_custom_1553861367982{margin-top: 50px !important;margin-bottom: 50px !important;}&#8221; z_index=&#8221;&#8221; el_class=&#8221;contentRow referances&#8221;][vc_column width=&#8221;1\/2&#8243;][vc_column_text]<\/p>\n<div class=\"col-md-12 refContainer\"><img class=\"imgResponsive\" src=\"https:\/\/termtech.com.tr\/wp-content\/uploads\/2019\/05\/alBaraka_Hover.jpg\" data-modal=\"albarakaModal\" \/><\/div>\n<div id=\"albarakaModal\" class=\"modalDialog\">\n<div>\n<p><span class=\"close\" data-modal=\"albarakaModal\">X<\/span><\/p>\n<h2 class=\"modalHeader\">Albaraka T\u00fcrk Kat\u0131l\u0131m Bankas\u0131<\/h2>\n<p>Security Systems: Albaraka T\u00fcrk Participation Bank preferred TermTech products for monitoring ATMs and providing security. With TermTech products <strong>(TTS TermTech Security &#8211; ATM Camera &amp; Fraud Detection Suite)<\/strong><br \/>\nA solution was developed to prevent possible frauds (such as card copying) on \u200b\u200bthe ATM front by monitoring the ATMs remotely via cameras. With the solution implemented, the operational costs and fraud attacks have been reduced to a great extent.<br \/>\nIn addition to the security benefits, customer complaints have been resolved in a short period of time thanks to instant access to camera images. service is provided. With this service, the Bank provided key support for key management, compliance with standards, security and integration with other systems.<\/p>\n<\/div>\n<\/div>\n<div class=\"col-md-12 refContainer\"><img class=\"imgResponsive\" src=\"https:\/\/termtech.com.tr\/wp-content\/uploads\/2019\/05\/vakifBank_Hover.jpg\" data-modal=\"vakifModal\" \/><\/div>\n<div id=\"vakifModal\" class=\"modalDialog\">\n<div>\n<p><span class=\"close\" data-modal=\"vakifModal\">X<\/span><\/p>\n<h2 class=\"modalHeader\">Vak\u0131fbank<\/h2>\n<p>During the transition to the new banking application, TermTech provided the support needed by Vak\u0131fbank and fulfilled all expectations with purposeful and corporate-specific solutions. The high number of transactions between the systems and the integrated systems are managed with high performance.<br \/>\nHSM Server Application: The Bank uses TermTech applications in all operations required for HSM use.<br \/>\nOrchestration Application: A powerful server application developed specifically for Vak\u0131fbank, which manages transactions between the Bank&#8217;s ATM systems, Card \/ Pos systems, Internet \/ Call Center systems, and old and new banking systems and supports all message structures.<\/p>\n<\/div>\n<\/div>\n<div class=\"col-md-12 refContainer\"><img class=\"imgResponsive\" src=\"https:\/\/termtech.com.tr\/wp-content\/uploads\/2023\/10\/Fibabanka.jpeg\" data-modal=\"trFibaModal\" \/><\/div>\n<div id=\"trFibaModal\" class=\"modalDialog\">\n<div>\n<p><span class=\"close\" data-modal=\"trFibaModal\">X<\/span><\/p>\n<h2 class=\"modalHeader\">Fibabanka<\/h2>\n<\/div>\n<\/div>\n<div class=\"col-md-12 refContainer\"><img class=\"imgResponsive\" src=\"https:\/\/termtech.com.tr\/wp-content\/uploads\/2023\/10\/BKT-Albania.jpeg\" data-modal=\"trBktAlModal\" \/><\/div>\n<div id=\"trBktAlModal\" class=\"modalDialog\">\n<div>\n<p><span class=\"close\" data-modal=\"trBktAlModal\">X<\/span><\/p>\n<h2 class=\"modalHeader\">BKT Arnavutluk<\/h2>\n<\/div>\n<\/div>\n<div class=\"col-md-12 refContainer\"><img class=\"imgResponsive\" src=\"https:\/\/termtech.com.tr\/wp-content\/uploads\/2019\/07\/bkm.png\" data-modal=\"bkmModal\" \/><\/div>\n<div id=\"bkmModal\" class=\"modalDialog\">\n<div><span class=\"close\" data-modal=\"bkmModal\">X<\/span><\/p>\n<h2 class=\"modalHeader\">BKM<\/h2>\n<p>Mobile Contactless Payment Enabler<\/p>\n<\/div>\n<\/div>\n<p>[\/vc_column_text][\/vc_column][vc_column width=&#8221;1\/2&#8243;][vc_column_text]<\/p>\n<div class=\"col-md-12 refContainer\"><img class=\"imgResponsive\" src=\"https:\/\/termtech.com.tr\/wp-content\/uploads\/2019\/05\/trFinans_hover.jpg\" data-modal=\"trFinansModal\" \/><\/div>\n<div id=\"trFinansModal\" class=\"modalDialog\">\n<div>\n<p><span class=\"close\" data-modal=\"trFinansModal\">X<\/span><\/p>\n<h2 class=\"modalHeader\">T\u00fcrkiye Finans Kat\u0131l\u0131m Bankas\u0131<\/h2>\n<p>All the solutions that T\u00fcrkiye Finans Kat\u0131l\u0131m Bankas\u0131 needs for its ATM installed park are provided by TermTech with low operating costs and high efficiency. Below is the list of all applications TermTech uses for ATM management.<br \/>\no ATM Transaction Server (Optimus)<br \/>\no ATM Remote Key Loading (Nemesis)<br \/>\no HSM Management (Omega)<br \/>\no Switch ISO 8583 (Trion)<br \/>\no ATM Device Management (Nova)<br \/>\no ATM Incident Management (Sentinel)<br \/>\no ATM E-journal (Zeta)<br \/>\no ATM File Management (Nexus)<br \/>\no ATM Inventory Management (Alpha)<\/p>\n<p>In addition, integrations with the following other systems have been realized for T\u00fcrkiye Finans Kat\u0131l\u0131m Bankas\u0131.<br \/>\no Core Banking System<br \/>\no Card System<br \/>\no Fraud System<br \/>\no Campaign System<\/p>\n<\/div>\n<\/div>\n<div class=\"col-md-12 refContainer\"><img class=\"imgResponsive\" src=\"https:\/\/termtech.com.tr\/wp-content\/uploads\/2019\/05\/ziraat_Hover.jpg\" data-modal=\"ziraatModal\" \/><\/div>\n<div id=\"ziraatModal\" class=\"modalDialog\">\n<div>\n<p><span class=\"close\" data-modal=\"ziraatModal\">X<\/span><\/p>\n<h2 class=\"modalHeader\">Ziraat Bankas\u0131<\/h2>\n<p>At the beginning of 2017, the new ATM Management system, which was designed and developed, was provided with an extremely powerful and easily manageable, high-service ATM Server solution to manage ATMs.<br \/>\nConsultancy Services: As TermTech, we have provided consultancy services for the objective evaluation of ATM architecture with its experience of more than 20 years.<br \/>\nThe project was carried out in cooperation with Diebold Nixdorf for the transition to an innovative new structure of Ziraat Bank ATM systems. With this project, applications on the ATM server side regarding the management of ATMs were provided by TermTech. The applications and integrated systems used in Ziraat Bank are listed below.<br \/>\no ATM Transaction Server (Optimus) &amp; ATM transaction \/ cash settlement system<br \/>\no ATM Remote Key Loading (Nemesis)<br \/>\no HSM Management (Omega)<br \/>\no ATM E-journal (Zeta)<br \/>\no Switch (Trion)<\/p>\n<p>In addition, integrations with the following other systems have been realized for Ziraat Bank.<br \/>\no Core Banking System<br \/>\no Card System<br \/>\no Fraud System<\/p>\n<\/div>\n<\/div>\n<div class=\"col-md-12 refContainer\"><img class=\"imgResponsive\" src=\"https:\/\/termtech.com.tr\/wp-content\/uploads\/2023\/10\/Aktifbank.jpeg\" data-modal=\"trAktifModal\" \/><\/div>\n<div id=\"trAktifModal\" class=\"modalDialog\">\n<div>\n<p><span class=\"close\" data-modal=\"trAktifModal\">X<\/span><\/p>\n<h2 class=\"modalHeader\">Aktifbank<\/h2>\n<\/div>\n<\/div>\n<div class=\"col-md-12 refContainer\"><img class=\"imgResponsive\" src=\"https:\/\/termtech.com.tr\/wp-content\/uploads\/2023\/10\/BKT-Kosova.jpeg\" data-modal=\"trBKTKosovaModal\" \/><\/div>\n<div id=\"trBKTKosovaModal\" class=\"modalDialog\">\n<div>\n<p><span class=\"close\" data-modal=\"trBKTKosovaModal\">X<\/span><\/p>\n<h2 class=\"modalHeader\">BKT Kosova<\/h2>\n<\/div>\n<\/div>\n<\/div>\n<\/div>\n<div class=\"col-md-12 refContainer\"><img loading=\"lazy\" class=\"imgResponsive\" src=\"https:\/\/termtech.com.tr\/wp-content\/uploads\/2023\/10\/mercury-pay.svg\" width=\"266\" height=\"52\" data-modal=\"trMercuryModal\" \/><\/div>\n<div id=\"trMercuryModal\" class=\"modalDialog\">\n<div>\n<p><span class=\"close\" data-modal=\"trMercuryModal\">X<\/span><\/p>\n<h2 class=\"modalHeader\">Mercury<\/h2>\n<\/div>\n<\/div>\n<div class=\"col-md-12 refContainer\"><img loading=\"lazy\" class=\"imgResponsive\" src=\"https:\/\/termtech.com.tr\/wp-content\/uploads\/2023\/10\/dunya-katilim.svg\" width=\"266\" height=\"52\" data-modal=\"trDunyaKatilimModal\" \/><\/div>\n<div id=\"trMercuryModal\" class=\"modalDialog\">\n<div>\n<p><span class=\"close\" data-modal=\"trDunyaKatilimModal\">X<\/span><\/p>\n<h2 class=\"modalHeader\">D\u00fcnya Kat\u0131l\u0131m Bankas\u0131<\/h2>\n<p>[\/vc_column_text][\/vc_column][\/vc_row][vc_row css_animation=&#8221;&#8221; row_type=&#8221;row&#8221; use_row_as_full_screen_section=&#8221;no&#8221; type=&#8221;full_width&#8221; angled_section=&#8221;no&#8221; text_align=&#8221;left&#8221; background_image_as_pattern=&#8221;without_pattern&#8221;][vc_column][vc_raw_js]JTNDc2NyaXB0JTIwdHlwZSUzRCUyMnRleHQlMkZqYXZhc2NyaXB0JTIyJTNFJTIwJTBBdmFyJTIwYnRuJTIwJTNEJTIwZG9jdW1lbnQuZ2V0RWxlbWVudHNCeUNsYXNzTmFtZSUyOCUyMmltZ1Jlc3BvbnNpdmUlMjIlMjklM0IlMEElMEFmb3IlMjAlMjh2YXIlMjBpJTIwJTNEJTIwMCUzQiUyMGklMjAlM0MlMjBidG4ubGVuZ3RoJTNCJTIwaSUyQiUyQiUyOSUyMCU3QiUwQSUyMCUyMHZhciUyMHRoaXNCdG4lMjAlM0QlMjBidG4lNUJpJTVEJTNCJTBBJTIwJTIwdGhpc0J0bi5hZGRFdmVudExpc3RlbmVyJTI4JTIyY2xpY2slMjIlMkMlMjBmdW5jdGlvbiUyOCUyOSU3QiUwQSUyMCUyMCUyMCUyMHZhciUyMG1vZGFsJTIwJTNEJTIwZG9jdW1lbnQuZ2V0RWxlbWVudEJ5SWQlMjh0aGlzLmRhdGFzZXQubW9kYWwlMjklM0IlMEElMjAlMjAlMjAlMjBtb2RhbC5zdHlsZS5vcGFjaXR5JTIwJTNEJTIwJTIyMSUyMiUzQiUwQSUyMCUyMCUyMCUyMG1vZGFsLnN0eWxlLnBvaW50ZXJFdmVudHMlMjAlM0QlMjAlMjJhdXRvJTIyJTNCJTBBJTdEJTJDJTIwZmFsc2UlMjklM0IlMEElN0QlM0IlMEF2YXIlMjBjbG9zZSUyMCUzRCUyMGRvY3VtZW50LmdldEVsZW1lbnRzQnlDbGFzc05hbWUlMjglMjJjbG9zZSUyMiUyOSUzQiUwQSUwQWZvciUyMCUyOHZhciUyMGkyJTIwJTNEJTIwMCUzQiUyMGkyJTIwJTNDJTIwY2xvc2UubGVuZ3RoJTNCJTIwaTIlMkIlMkIlMjklMjAlN0IlMEElMjAlMjB2YXIlMjB0aGlzQ2xvc2UlMjAlM0QlMjBjbG9zZSU1QmkyJTVEJTNCJTBBJTIwJTIwdGhpc0Nsb3NlLmFkZEV2ZW50TGlzdGVuZXIlMjglMjJjbGljayUyMiUyQyUyMGZ1bmN0aW9uJTI4JTI5JTdCJTBBJTIwJTIwJTIwJTIwdmFyJTIwbW9kYWwyJTIwJTNEJTIwZG9jdW1lbnQuZ2V0RWxlbWVudEJ5SWQlMjh0aGlzLmRhdGFzZXQubW9kYWwlMjklM0IlMEElMjAlMjAlMjAlMjBtb2RhbDIuc3R5bGUub3BhY2l0eSUyMCUzRCUyMCUyMjAlMjIlM0IlMEElMjAlMjAlMjAlMjBtb2RhbDIuc3R5bGUucG9pbnRlckV2ZW50cyUyMCUzRCUyMCUyMm5vbmUlMjIlM0IlMEElN0QlMkMlMjBmYWxzZSUyOSUzQiUwQSU3RCUzQiUwQSUzQyUyRnNjcmlwdCUzRQ==[\/vc_raw_js][\/vc_column][\/vc_row]<\/p>\n","protected":false},"excerpt":{"rendered":"<p>[vc_row css_animation=&#8221;&#8221; row_type=&#8221;row&#8221; use_row_as_full_screen_section=&#8221;no&#8221; type=&#8221;full_width&#8221; angled_section=&#8221;no&#8221; text_align=&#8221;left&#8221; background_image_as_pattern=&#8221;without_pattern&#8221; el_class=&#8221;headerRow&#8221; z_index=&#8221;&#8221;][vc_column][vc_row_inner row_type=&#8221;row&#8221; type=&#8221;grid&#8221; text_align=&#8221;left&#8221; css_animation=&#8221;&#8221; el_class=&#8221;headerContentRow&#8221;][vc_column_inner][vc_column_text] REFERENCES [\/vc_column_text][\/vc_column_inner][\/vc_row_inner][\/vc_column][\/vc_row][vc_row css_animation=&#8221;element_from_left&#8221; row_type=&#8221;row&#8221; use_row_as_full_screen_section=&#8221;no&#8221; type=&#8221;grid&#8221; angled_section=&#8221;no&#8221; text_align=&#8221;left&#8221; background_image_as_pattern=&#8221;without_pattern&#8221; css=&#8221;.vc_custom_1553861367982{margin-top: 50px !important;margin-bottom: 50px !important;}&#8221; z_index=&#8221;&#8221; el_class=&#8221;contentRow referances&#8221;][vc_column width=&#8221;1\/2&#8243;][vc_column_text] X Albaraka T\u00fcrk Kat\u0131l\u0131m Bankas\u0131 Security Systems: Albaraka T\u00fcrk Participation Bank preferred&#8230;<\/p>\n","protected":false},"author":1,"featured_media":0,"parent":0,"menu_order":0,"comment_status":"closed","ping_status":"closed","template":"full_width.php","meta":[],"_links":{"self":[{"href":"https:\/\/termtech.com.tr\/index.php\/wp-json\/wp\/v2\/pages\/1007"}],"collection":[{"href":"https:\/\/termtech.com.tr\/index.php\/wp-json\/wp\/v2\/pages"}],"about":[{"href":"https:\/\/termtech.com.tr\/index.php\/wp-json\/wp\/v2\/types\/page"}],"author":[{"embeddable":true,"href":"https:\/\/termtech.com.tr\/index.php\/wp-json\/wp\/v2\/users\/1"}],"replies":[{"embeddable":true,"href":"https:\/\/termtech.com.tr\/index.php\/wp-json\/wp\/v2\/comments?post=1007"}],"version-history":[{"count":11,"href":"https:\/\/termtech.com.tr\/index.php\/wp-json\/wp\/v2\/pages\/1007\/revisions"}],"predecessor-version":[{"id":1244,"href":"https:\/\/termtech.com.tr\/index.php\/wp-json\/wp\/v2\/pages\/1007\/revisions\/1244"}],"wp:attachment":[{"href":"https:\/\/termtech.com.tr\/index.php\/wp-json\/wp\/v2\/media?parent=1007"}],"curies":[{"name":"wp","href":"https:\/\/api.w.org\/{rel}","templated":true}]}}